{"id":8137,"date":"2022-01-16T21:38:07","date_gmt":"2022-01-16T20:38:07","guid":{"rendered":"https:\/\/www.sadovka.cz\/?page_id=8137"},"modified":"2026-05-14T18:17:20","modified_gmt":"2026-05-14T16:17:20","slug":"z-pohadky-do-pohadky","status":"publish","type":"page","link":"https:\/\/www.sadovka.cz\/index.php\/z-pohadky-do-pohadky\/","title":{"rendered":"Z poh\u00e1dky do poh\u00e1dky"},"content":{"rendered":"<p>[et_pb_section fb_built=&#8220;1&#8243; admin_label=&#8220;Header&#8220; _builder_version=&#8220;4.16&#8243; background_color=&#8220;#f8f9fa&#8220; custom_padding=&#8220;||84px|||&#8220; bottom_divider_style=&#8220;wave&#8220; bottom_divider_color=&#8220;#ffffff&#8220; bottom_divider_height=&#8220;160px&#8220; global_colors_info=&#8220;{}&#8220;][et_pb_row column_structure=&#8220;1_2,1_2&#8243; _builder_version=&#8220;4.16&#8243; custom_padding=&#8220;||0px|||&#8220; global_colors_info=&#8220;{}&#8220;][et_pb_column type=&#8220;1_2&#8243; _builder_version=&#8220;4.16&#8243; custom_padding=&#8220;50px||||false|false&#8220; global_colors_info=&#8220;{}&#8220;][et_pb_divider color=&#8220;#f9ce6e&#8220; divider_position=&#8220;center&#8220; divider_weight=&#8220;1px&#8220; _builder_version=&#8220;4.16&#8243; width=&#8220;120px&#8220; height=&#8220;7px&#8220; box_shadow_style=&#8220;preset7&#8243; box_shadow_horizontal=&#8220;40px&#8220; box_shadow_vertical=&#8220;0px&#8220; box_shadow_color=&#8220;#f9ce6e&#8220; locked=&#8220;off&#8220; global_colors_info=&#8220;{}&#8220;][\/et_pb_divider][et_pb_text _builder_version=&#8220;4.27.4&#8243; header_4_font=&#8220;PT Sans|700||on|||||&#8220; header_4_text_color=&#8220;#ffc107&#8243; header_4_font_size=&#8220;11px&#8220; header_4_letter_spacing=&#8220;1px&#8220; custom_margin=&#8220;-38px|||130px|false|false&#8220; custom_padding=&#8220;||||false|false&#8220; locked=&#8220;off&#8220; global_colors_info=&#8220;{}&#8220;]<\/p>\n<h4>Prv\u0148\u00e1\u010dci<\/h4>\n<p>[\/et_pb_text][et_pb_text _builder_version=&#8220;4.27.4&#8243; text_font=&#8220;PT Sans||||||||&#8220; text_line_height=&#8220;1.8em&#8220; header_font=&#8220;Playfair Display|700|||||||&#8220; header_font_size=&#8220;53px&#8220; header_line_height=&#8220;1.1em&#8220; hover_enabled=&#8220;0&#8243; header_font_size_tablet=&#8220;40px&#8220; header_font_size_phone=&#8220;30px&#8220; header_font_size_last_edited=&#8220;on|phone&#8220; locked=&#8220;off&#8220; global_colors_info=&#8220;{}&#8220; sticky_enabled=&#8220;0&#8243;]<\/p>\n<h1>Z poh\u00e1dky do poh\u00e1dky<\/h1>\n<div>\n<div data-olk-copy-source=\"MessageBody\">Jedno odpoledne se \u0161koln\u00ed are\u00e1l prom\u011bn\u00ed v poh\u00e1dkovou krajinu\u2026<br \/>Budouc\u00ed prv\u0148\u00e1\u010dky zveme na kouzelnou cestu\u00a0<b>Z poh\u00e1dky do poh\u00e1dky<\/b>, kde na d\u011bti \u010dekaj\u00ed drobn\u00e1 dobrodru\u017estv\u00ed, \u00fakoly a p\u0159ekvapen\u00ed schovan\u00e1 na cest\u011b \u0161kolou i jej\u00edm okol\u00edm.<\/div>\n<\/div>\n<div>\n<div>D\u011bti se spolu s n\u00e1mi vydaj\u00ed objevovat zn\u00e1m\u00e1 i tajemn\u00e1 m\u00edsta, vyzkou\u0161\u00ed si, jak\u00e9 to je b\u00fdt \u0161kol\u00e1kem, a nahl\u00e9dnou do sv\u011bta, kter\u00fd je od z\u00e1\u0159\u00ed \u010dek\u00e1. Za p\u0159\u00edzniv\u00e9ho po\u010das\u00ed se bude poh\u00e1dkov\u00e1 v\u00fdprava odehr\u00e1vat\u00a0<b>venku v are\u00e1lu \u0161koly<\/b>.<\/div>\n<\/div>\n<div>\n<div>Pro rodi\u010de je po dobu programu otev\u0159ena \u0161koln\u00ed kav\u00e1rna jako mil\u00e9 z\u00e1zem\u00ed k posezen\u00ed a kr\u00e1tk\u00e9mu odpo\u010dinku, zat\u00edmco se mal\u00ed dobrodruzi vydaj\u00ed na svou cestu.<\/div>\n<\/div>\n<p>[\/et_pb_text][et_pb_blurb title=&#8220;\u010dtvrtek 28. kv\u011btna 2026&#8243; use_icon=&#8220;on&#8220; font_icon=&#8220;&#xe023;||divi||400&#8243; icon_color=&#8220;#0c6d00&#8243; icon_placement=&#8220;left&#8220; image_icon_width=&#8220;52px&#8220; _builder_version=&#8220;4.27.4&#8243; _module_preset=&#8220;default&#8220; header_font_size=&#8220;23px&#8220; global_colors_info=&#8220;{}&#8220;]<\/p>\n<p>od 16:00 do 17:30 hodin<\/p>\n<p>[\/et_pb_blurb][\/et_pb_column][et_pb_column type=&#8220;1_2&#8243; _builder_version=&#8220;4.16&#8243; global_colors_info=&#8220;{}&#8220;][et_pb_image src=&#8220;https:\/\/www.sadovka.cz\/wp-content\/uploads\/2020\/11\/tutor-09.png&#8220; _builder_version=&#8220;4.16&#8243; positioning=&#8220;absolute&#8220; horizontal_offset=&#8220;-88px&#8220; width=&#8220;100%&#8220; global_colors_info=&#8220;{}&#8220;][\/et_pb_image][et_pb_image src=&#8220;https:\/\/www.sadovka.cz\/wp-content\/uploads\/2022\/01\/z-pohadky-do-pohadky-header-image.png&#8220; title_text=&#8220;z pohadky do pohadky header image&#8220; show_bottom_space=&#8220;off&#8220; _builder_version=&#8220;4.27.4&#8243; custom_margin=&#8220;|-10vw|-150px||false|false&#8220; scroll_vertical_motion_enable=&#8220;on&#8220; scroll_vertical_motion=&#8220;0|50|50|100|1|0|-1&#8243; global_colors_info=&#8220;{}&#8220;][\/et_pb_image][\/et_pb_column][\/et_pb_row][\/et_pb_section][et_pb_section fb_built=&#8220;1&#8243; admin_label=&#8220;Services&#8220; _builder_version=&#8220;4.16&#8243; background_color=&#8220;rgba(0,0,0,0)&#8220; z_index=&#8220;10&#8243; custom_padding=&#8220;52px|||||&#8220; global_colors_info=&#8220;{}&#8220;][et_pb_row _builder_version=&#8220;4.16&#8243; background_color=&#8220;#ffffff&#8220; min_height=&#8220;133.1px&#8220; custom_padding=&#8220;|40px||40px|false|true&#8220; border_radii=&#8220;on|10px|10px|10px|10px&#8220; box_shadow_style=&#8220;preset1&#8243; box_shadow_color=&#8220;rgba(12,113,195,0.13)&#8220; global_colors_info=&#8220;{}&#8220;][et_pb_column type=&#8220;4_4&#8243; _builder_version=&#8220;4.16&#8243; global_colors_info=&#8220;{}&#8220;][et_pb_text _builder_version=&#8220;4.27.4&#8243; header_2_font=&#8220;Playfair Display|700|||||||&#8220; header_2_text_align=&#8220;center&#8220; header_2_font_size=&#8220;50px&#8220; header_2_line_height=&#8220;1.3em&#8220; header_3_font=&#8220;Playfair Display|700|||||||&#8220; header_3_text_align=&#8220;center&#8220; header_3_text_color=&#8220;#2a3749&#8243; header_3_font_size=&#8220;42px&#8220; header_3_line_height=&#8220;1.3em&#8220; custom_margin=&#8220;||||false|false&#8220; header_2_font_size_tablet=&#8220;32px&#8220; header_2_font_size_phone=&#8220;24px&#8220; header_2_font_size_last_edited=&#8220;on|phone&#8220; locked=&#8220;off&#8220; global_colors_info=&#8220;{}&#8220;]<\/p>\n<h2>Z poh\u00e1dky do poh\u00e1dky<\/h2>\n<p>[\/et_pb_text][et_pb_text _builder_version=&#8220;4.27.4&#8243; text_font=&#8220;PT Sans||||||||&#8220; text_line_height=&#8220;1.8em&#8220; text_orientation=&#8220;center&#8220; locked=&#8220;off&#8220; global_colors_info=&#8220;{}&#8220;]<\/p>\n<p class=\"font-claude-response-body break-words whitespace-normal leading-[1.7]\">Otev\u0159eme dve\u0159e do kr\u00e1lovstv\u00ed, kde si draci l\u00e1mou hlavy zapeklit\u00fdmi h\u00e1dankami, v koutech se schov\u00e1vaj\u00ed \u0161koln\u00ed sk\u0159\u00edtci, na chodb\u00e1ch \u0161eptaj\u00ed v\u00edly a za ka\u017ed\u00fdmi dve\u0159mi \u010dek\u00e1 jin\u00fd p\u0159\u00edb\u011bh. Sejdeme se p\u0159ed hlavn\u00edm vchodem \u0161koly \u2013 tam, kde kon\u010d\u00ed jeden sv\u011bt a za\u010d\u00edn\u00e1 druh\u00fd.<\/p>\n<p class=\"font-claude-response-body break-words whitespace-normal leading-[1.7]\">[\/et_pb_text][\/et_pb_column][\/et_pb_row][et_pb_row column_structure=&#8220;1_4,1_4,1_4,1_4&#8243; _builder_version=&#8220;4.16&#8243; background_color=&#8220;#ffffff&#8220; custom_margin=&#8220;-15px||||false|false&#8220; custom_padding=&#8220;60px|40px|60px|40px|true|true&#8220; border_radii=&#8220;on|10px|10px|10px|10px&#8220; box_shadow_style=&#8220;preset1&#8243; box_shadow_vertical=&#8220;16px&#8220; box_shadow_color=&#8220;rgba(12,113,195,0.13)&#8220; global_colors_info=&#8220;{}&#8220;][et_pb_column type=&#8220;1_4&#8243; _builder_version=&#8220;4.16&#8243; custom_padding=&#8220;||||false|false&#8220; global_colors_info=&#8220;{}&#8220;][et_pb_blurb title=&#8220;Kouzeln\u00e1 hodina&#8220; use_icon=&#8220;on&#8220; font_icon=&#8220;&#xf02d;||fa||900&#8243; content_max_width=&#8220;100%&#8220; icon_alignment_tablet=&#8220;&#8220; icon_alignment_phone=&#8220;&#8220; icon_alignment_last_edited=&#8220;on|tablet&#8220; _builder_version=&#8220;4.27.4&#8243; header_font=&#8220;Playfair Display|700|||||||&#8220; header_text_align=&#8220;center&#8220; header_font_size=&#8220;20px&#8220; header_line_height=&#8220;1.5em&#8220; body_font=&#8220;PT Sans||||||||&#8220; body_text_align=&#8220;left&#8220; body_text_color=&#8220;#62748a&#8220; animation=&#8220;off&#8220; hover_enabled=&#8220;0&#8243; global_colors_info=&#8220;{}&#8220; sticky_enabled=&#8220;0&#8243;]<\/p>\n<p style=\"text-align: center;\">Cesta rozd\u011blen\u00e1 na n\u011bkolik zastaven\u00ed, kde se z p\u00edsmenek st\u00e1vaj\u00ed kouzla, z \u010d\u00edsel kl\u00ed\u010de a z \u00fasm\u011bv\u016f d\u011btsk\u00e1 radost. Na konci na\u0161\u00ed pouti si v\u0161ichni odnesou drobn\u00e9 p\u0159ekvapen\u00ed a vzpom\u00ednku, kterou budou vypr\u00e1v\u011bt.<\/p>\n<p>[\/et_pb_blurb][\/et_pb_column][et_pb_column type=&#8220;1_4&#8243; _builder_version=&#8220;4.16&#8243; global_colors_info=&#8220;{}&#8220;][et_pb_blurb title=&#8220;Pan\u00ed u\u010ditelky&#8220; use_icon=&#8220;on&#8220; font_icon=&#8220;&#xf521;||fa||900&#8243; icon_color=&#8220;#E09900&#8243; content_max_width=&#8220;100%&#8220; icon_alignment_tablet=&#8220;&#8220; icon_alignment_phone=&#8220;&#8220; icon_alignment_last_edited=&#8220;on|tablet&#8220; _builder_version=&#8220;4.27.4&#8243; header_font=&#8220;Playfair Display|700|||||||&#8220; header_text_align=&#8220;center&#8220; header_font_size=&#8220;20px&#8220; header_line_height=&#8220;1.5em&#8220; body_font=&#8220;PT Sans||||||||&#8220; body_text_align=&#8220;left&#8220; body_text_color=&#8220;#62748a&#8220; animation=&#8220;off&#8220; hover_enabled=&#8220;0&#8243; global_colors_info=&#8220;{}&#8220; sticky_enabled=&#8220;0&#8243;]<\/p>\n<p style=\"text-align: center;\">Cestou potk\u00e1te pan\u00ed u\u010ditelky budouc\u00edch prvn\u00edch t\u0159\u00edd \u2013 pr\u00e1v\u011b ty, kter\u00e9 va\u0161e d\u00edt\u011b v z\u00e1\u0159\u00ed p\u0159iv\u00edtaj\u00ed u tabule. Znaj\u00ed v\u0161echny tajn\u00e9 chodby a komnaty Sadovky a budou na d\u011bti \u010dekat s \u00fasm\u011bvem a veselou poh\u00e1dkovou h\u00e1dankou.<\/p>\n<p>[\/et_pb_blurb][\/et_pb_column][et_pb_column type=&#8220;1_4&#8243; _builder_version=&#8220;4.16&#8243; custom_padding=&#8220;||||false|false&#8220; global_colors_info=&#8220;{}&#8220;][et_pb_blurb title=&#8220;Co do bat\u016f\u017eku&#8220; use_icon=&#8220;on&#8220; font_icon=&#8220;&#xf0f2;||fa||900&#8243; icon_color=&#8220;#E02B20&#8243; content_max_width=&#8220;100%&#8220; icon_alignment_tablet=&#8220;&#8220; icon_alignment_phone=&#8220;&#8220; icon_alignment_last_edited=&#8220;on|tablet&#8220; _builder_version=&#8220;4.27.4&#8243; header_font=&#8220;Playfair Display|700|||||||&#8220; header_text_align=&#8220;center&#8220; header_font_size=&#8220;20px&#8220; header_line_height=&#8220;1.5em&#8220; body_font=&#8220;PT Sans||||||||&#8220; body_text_align=&#8220;left&#8220; body_text_color=&#8220;#62748a&#8220; animation=&#8220;off&#8220; hover_enabled=&#8220;0&#8243; global_colors_info=&#8220;{}&#8220; sticky_enabled=&#8220;0&#8243;]<\/p>\n<p style=\"text-align: center;\">Pohodln\u00fd \u0161at (nejl\u00e9pe takov\u00fd, kter\u00fd se neboj\u00ed tr\u00e1vy a venkovn\u00edch ploch), pevn\u00e9 st\u0159ev\u00edce, rane\u010dek a l\u00e1hev kouzeln\u00e9 vody proti \u017e\u00edzni. Podle svitu slunce povede poh\u00e1dkov\u00e1 stezka i z\u00e1meck\u00fdmi zahradami Sadovky.<\/p>\n<p>[\/et_pb_blurb][\/et_pb_column][et_pb_column type=&#8220;1_4&#8243; _builder_version=&#8220;4.16&#8243; custom_padding=&#8220;||||false|false&#8220; global_colors_info=&#8220;{}&#8220;][et_pb_blurb title=&#8220;Pro rodi\u010de&#8220; use_icon=&#8220;on&#8220; font_icon=&#8220;&#xe08b;||divi||400&#8243; icon_color=&#8220;#176300&#8243; content_max_width=&#8220;100%&#8220; icon_alignment_tablet=&#8220;&#8220; icon_alignment_phone=&#8220;&#8220; icon_alignment_last_edited=&#8220;on|tablet&#8220; _builder_version=&#8220;4.27.4&#8243; header_font=&#8220;Playfair Display|700|||||||&#8220; header_text_align=&#8220;center&#8220; header_font_size=&#8220;20px&#8220; header_line_height=&#8220;1.5em&#8220; body_font=&#8220;PT Sans||||||||&#8220; body_text_align=&#8220;left&#8220; body_text_color=&#8220;#62748a&#8220; animation=&#8220;off&#8220; hover_enabled=&#8220;0&#8243; global_colors_info=&#8220;{}&#8220; sticky_enabled=&#8220;0&#8243;]<\/p>\n<p style=\"text-align: center;\">Zat\u00edmco d\u011bti budou na sv\u00e9 kouzeln\u00e9 cest\u011b, m\u00e1te hodinu a p\u016fl jen pro sebe. M\u016f\u017eete si v klidu sednout do \u0161koln\u00ed kav\u00e1rny nebo se k n\u00e1m p\u0159ipojit na pov\u00edd\u00e1n\u00ed o tom, co rodi\u010de budouc\u00edch prv\u0148\u00e1\u010dk\u016f zaj\u00edm\u00e1 nejv\u00edc.<\/p>\n<p>[\/et_pb_blurb][\/et_pb_column][\/et_pb_row][et_pb_row _builder_version=&#8220;4.27.4&#8243; _module_preset=&#8220;default&#8220; column_structure=&#8220;1_3,2_3&#8243; custom_margin=&#8220;70px|auto||auto||&#8220; hover_enabled=&#8220;0&#8243; sticky_enabled=&#8220;0&#8243;][et_pb_column _builder_version=&#8220;4.27.4&#8243; _module_preset=&#8220;default&#8220; type=&#8220;1_3&#8243; border_color_right=&#8220;#E09900&#8243; border_width_right=&#8220;3px&#8220; hover_enabled=&#8220;0&#8243; sticky_enabled=&#8220;0&#8243; custom_padding=&#8220;|20px|||false|false&#8220;][et_pb_team_member name=&#8220;Martina Vrbick\u00e1&#8220; image_url=&#8220;https:\/\/www.sadovka.cz\/wp-content\/uploads\/2026\/05\/Martina-3.jpg&#8220; position=&#8220;Speci\u00e1ln\u00ed pedago\u017eka a \u0159editelka Dou\u010dovac\u00edho centra SOVA \u010c\u00e1slav&#8220; _builder_version=&#8220;4.27.4&#8243; _module_preset=&#8220;default&#8220; hover_enabled=&#8220;0&#8243; sticky_enabled=&#8220;0&#8243; title_text=&#8220;Martina 3&#8243; border_radii_image=&#8220;on|226px|226px|226px|226px&#8220;][\/et_pb_team_member][\/et_pb_column][et_pb_column _builder_version=&#8220;4.27.4&#8243; _module_preset=&#8220;default&#8220; type=&#8220;2_3&#8243;][et_pb_text _builder_version=&#8220;4.27.4&#8243; _module_preset=&#8220;default&#8220; hover_enabled=&#8220;0&#8243; sticky_enabled=&#8220;0&#8243;]<\/p>\n<p>Martina Vrbick\u00e1 se p\u0159ed\u0161koln\u00ed zralosti a tomu, jak d\u011btem usnadnit start ve \u0161kole, v\u011bnuje p\u0159es dvacet let. P\u0159edn\u00e1\u0161\u00ed pro rodi\u010de i pedagogy a jej\u00ed n\u00e1zor si vy\u017e\u00e1daly i \u010cesk\u00fd rozhlas nebo knihovny v regionu.<\/p>\n<p>P\u0159ij\u010fte se zeptat na to, co byste pot\u0159ebovali pro pohodov\u00fd n\u00e1stup do \u0161koly zn\u00e1t. A pokud zrovna ne\u0159e\u0161\u00edte nic, dejte si jen kafe, i to je v po\u0159\u00e1dku.<\/p>\n<p>[\/et_pb_text][et_pb_blurb title=&#8220;Jak d\u00edt\u011b co nejl\u00e9pe p\u0159ipravit na vstup do prvn\u00ed t\u0159\u00eddy&#8220; _builder_version=&#8220;4.27.4&#8243; _module_preset=&#8220;default&#8220; use_icon=&#8220;on&#8220; font_icon=&#8220;&#x52;||divi||400&#8243; icon_color=&#8220;#E09900&#8243; image_icon_background_color=&#8220;RGBA(255,255,255,0)&#8220; icon_placement=&#8220;left&#8220; hover_enabled=&#8220;0&#8243; sticky_enabled=&#8220;0&#8243;][\/et_pb_blurb][et_pb_blurb title=&#8220;Co by m\u011bl budouc\u00ed prv\u0148\u00e1\u010dek zvl\u00e1dat a co naopak v\u016fbec nen\u00ed pot\u0159eba&#8220; _builder_version=&#8220;4.27.4&#8243; _module_preset=&#8220;default&#8220; use_icon=&#8220;on&#8220; font_icon=&#8220;&#x52;||divi||400&#8243; icon_color=&#8220;#E09900&#8243; image_icon_background_color=&#8220;RGBA(255,255,255,0)&#8220; icon_placement=&#8220;left&#8220; hover_enabled=&#8220;0&#8243; sticky_enabled=&#8220;0&#8243;][\/et_pb_blurb][et_pb_blurb title=&#8220;Jak\u00e1 cvi\u010den\u00ed a hry m\u00edt doma po ruce &#8220; _builder_version=&#8220;4.27.4&#8243; _module_preset=&#8220;default&#8220; use_icon=&#8220;on&#8220; font_icon=&#8220;&#x52;||divi||400&#8243; icon_color=&#8220;#E09900&#8243; image_icon_background_color=&#8220;RGBA(255,255,255,0)&#8220; icon_placement=&#8220;left&#8220; hover_enabled=&#8220;0&#8243; sticky_enabled=&#8220;0&#8243;]<\/p>\n<p>motorika, zrak, sluch, soust\u0159ed\u011bn\u00ed<\/p>\n<p>[\/et_pb_blurb][et_pb_blurb title=&#8220;Jak d\u00edt\u011b podpo\u0159it, aby bylo samostatn\u00e9 a do \u0161koly se t\u011b\u0161ilo&#8220; _builder_version=&#8220;4.27.4&#8243; _module_preset=&#8220;default&#8220; use_icon=&#8220;on&#8220; font_icon=&#8220;&#x52;||divi||400&#8243; icon_color=&#8220;#E09900&#8243; image_icon_background_color=&#8220;RGBA(255,255,255,0)&#8220; icon_placement=&#8220;left&#8220; hover_enabled=&#8220;0&#8243; sticky_enabled=&#8220;0&#8243;][\/et_pb_blurb][\/et_pb_column][\/et_pb_row][\/et_pb_section][et_pb_section fb_built=&#8220;1&#8243; custom_padding_last_edited=&#8220;off|tablet&#8220; admin_label=&#8220;Footer&#8220; _builder_version=&#8220;4.27.4&#8243; background_image=&#8220;https:\/\/www.sadovka.cz\/wp-content\/uploads\/2021\/03\/paticka.png&#8220; background_position=&#8220;bottom_center&#8220; custom_padding=&#8220;||16vw||false|false&#8220; custom_padding_tablet=&#8220;||||false|false&#8220; locked=&#8220;off&#8220; global_colors_info=&#8220;{}&#8220;][\/et_pb_section]<\/p>\n","protected":false},"excerpt":{"rendered":"<p>Prv\u0148\u00e1\u010dciZ poh\u00e1dky do poh\u00e1dky Jedno odpoledne se \u0161koln\u00ed are\u00e1l prom\u011bn\u00ed v poh\u00e1dkovou krajinu\u2026Budouc\u00ed prv\u0148\u00e1\u010dky zveme na kouzelnou cestu\u00a0Z poh\u00e1dky do poh\u00e1dky, kde na d\u011bti \u010dekaj\u00ed drobn\u00e1 dobrodru\u017estv\u00ed, \u00fakoly a p\u0159ekvapen\u00ed schovan\u00e1 na cest\u011b \u0161kolou i jej\u00edm okol\u00edm. D\u011bti se spolu s n\u00e1mi vydaj\u00ed objevovat zn\u00e1m\u00e1 i tajemn\u00e1 m\u00edsta, vyzkou\u0161\u00ed si, jak\u00e9 to je b\u00fdt \u0161kol\u00e1kem, [&hellip;]<\/p>\n","protected":false},"author":2,"featured_media":0,"parent":0,"menu_order":0,"comment_status":"closed","ping_status":"closed","template":"","meta":{"_et_pb_use_builder":"on","_et_pb_old_content":"","_et_gb_content_width":"","footnotes":""},"class_list":["post-8137","page","type-page","status-publish","hentry"],"jetpack_sharing_enabled":true,"jetpack_shortlink":"https:\/\/wp.me\/PacQUf-27f","_links":{"self":[{"href":"https:\/\/www.sadovka.cz\/index.php\/wp-json\/wp\/v2\/pages\/8137","targetHints":{"allow":["GET"]}}],"collection":[{"href":"https:\/\/www.sadovka.cz\/index.php\/wp-json\/wp\/v2\/pages"}],"about":[{"href":"https:\/\/www.sadovka.cz\/index.php\/wp-json\/wp\/v2\/types\/page"}],"author":[{"embeddable":true,"href":"https:\/\/www.sadovka.cz\/index.php\/wp-json\/wp\/v2\/users\/2"}],"replies":[{"embeddable":true,"href":"https:\/\/www.sadovka.cz\/index.php\/wp-json\/wp\/v2\/comments?post=8137"}],"version-history":[{"count":9,"href":"https:\/\/www.sadovka.cz\/index.php\/wp-json\/wp\/v2\/pages\/8137\/revisions"}],"predecessor-version":[{"id":237854,"href":"https:\/\/www.sadovka.cz\/index.php\/wp-json\/wp\/v2\/pages\/8137\/revisions\/237854"}],"wp:attachment":[{"href":"https:\/\/www.sadovka.cz\/index.php\/wp-json\/wp\/v2\/media?parent=8137"}],"curies":[{"name":"wp","href":"https:\/\/api.w.org\/{rel}","templated":true}]}}