{"id":4627,"date":"2018-09-14T15:21:40","date_gmt":"2018-09-14T13:21:40","guid":{"rendered":"http:\/\/www.sadovka.cz\/?page_id=4627"},"modified":"2025-08-18T15:20:34","modified_gmt":"2025-08-18T13:20:34","slug":"kalendar-skolniho-roku","status":"publish","type":"page","link":"https:\/\/www.sadovka.cz\/index.php\/kalendar-skolniho-roku\/","title":{"rendered":"Kalend\u00e1\u0159 \u0161koln\u00edho roku"},"content":{"rendered":"<p>[et_pb_section fb_built=&#8220;1&#8243; fullwidth=&#8220;on&#8220; admin_label=&#8220;Header Section&#8220; _builder_version=&#8220;4.25.1&#8243; background_image=&#8220;https:\/\/www.sadovka.cz\/wp-content\/uploads\/2024\/03\/pozadi-s-modrym-panackem-2.png&#8220; background_position=&#8220;bottom_center&#8220; custom_margin=&#8220;0px||||false|false&#8220; custom_padding=&#8220;0px|0px|0|0px|false|false&#8220; top_divider_style=&#8220;clouds2&#8243; top_divider_color=&#8220;rgba(255,255,255,0.3)&#8220; top_divider_height=&#8220;62%&#8220; bottom_divider_height=&#8220;30px&#8220; global_colors_info=&#8220;{}&#8220;][et_pb_fullwidth_header title=&#8220;ve \u0161kole&#8220; subhead=&#8220;Kalend\u00e1\u0159 \u0161koln\u00edho roku&#8220; header_image_url=&#8220;https:\/\/www.sadovka.cz\/wp-content\/uploads\/2021\/08\/kalendar-02.png&#8220; _builder_version=&#8220;4.25.1&#8243; title_level=&#8220;h2&#8243; title_font=&#8220;Rubik|700||on|||||&#8220; title_text_color=&#8220;#ff7355&#8243; title_font_size=&#8220;16px&#8220; title_letter_spacing=&#8220;5px&#8220; title_line_height=&#8220;2em&#8220; content_font=&#8220;Nunito||||||||&#8220; content_font_size=&#8220;18px&#8220; content_line_height=&#8220;2em&#8220; subhead_font=&#8220;Playfair Display|700|||||||&#8220; subhead_text_color=&#8220;rgba(0,0,0,0.8)&#8220; subhead_font_size=&#8220;50px&#8220; subhead_line_height=&#8220;1.4em&#8220; background_color=&#8220;rgba(255,255,255,0)&#8220; background_size=&#8220;contain&#8220; background_position=&#8220;bottom_center&#8220; custom_button_one=&#8220;on&#8220; button_one_text_size=&#8220;16px&#8220; button_one_text_color=&#8220;#ffffff&#8220; button_one_bg_color=&#8220;#ff7355&#8243; button_one_border_width=&#8220;15px&#8220; button_one_border_color=&#8220;rgba(210,159,104,0)&#8220; button_one_border_radius=&#8220;100px&#8220; button_one_letter_spacing=&#8220;0px&#8220; button_one_font=&#8220;Rubik|700|||||||&#8220; button_one_use_icon=&#8220;off&#8220; custom_button_two=&#8220;on&#8220; button_two_text_size=&#8220;16px&#8220; button_two_text_color=&#8220;#ffffff&#8220; button_two_bg_color=&#8220;rgba(0,0,0,0.6)&#8220; button_two_border_width=&#8220;15px&#8220; button_two_border_color=&#8220;rgba(210,159,104,0)&#8220; button_two_border_radius=&#8220;100px&#8220; button_two_letter_spacing=&#8220;0px&#8220; button_two_font=&#8220;Rubik|700|||||||&#8220; button_two_use_icon=&#8220;off&#8220; background_layout=&#8220;light&#8220; min_height=&#8220;299.4px&#8220; custom_margin=&#8220;|||&#8220; custom_padding=&#8220;0vw||0vw|||&#8220; animation_style=&#8220;slide&#8220; animation_direction=&#8220;bottom&#8220; animation_intensity_slide=&#8220;1%&#8220; subhead_font_size_tablet=&#8220;&#8220; subhead_font_size_phone=&#8220;30px&#8220; subhead_font_size_last_edited=&#8220;on|phone&#8220; button_one_border_radius_hover=&#8220;100px&#8220; button_two_border_radius_hover=&#8220;100px&#8220; button_one_bg_color_hover=&#8220;#ff8a70&#8243; button_two_bg_color_hover=&#8220;#ff8a70&#8243; global_colors_info=&#8220;{}&#8220; button_one_text_size__hover_enabled=&#8220;off&#8220; button_two_text_size__hover_enabled=&#8220;off&#8220; button_one_text_color__hover_enabled=&#8220;off&#8220; button_two_text_color__hover_enabled=&#8220;off&#8220; button_one_border_width__hover_enabled=&#8220;off&#8220; button_two_border_width__hover_enabled=&#8220;off&#8220; button_one_border_color__hover_enabled=&#8220;off&#8220; button_two_border_color__hover_enabled=&#8220;off&#8220; button_one_border_radius__hover_enabled=&#8220;on&#8220; button_one_border_radius__hover=&#8220;100px&#8220; button_two_border_radius__hover_enabled=&#8220;on&#8220; button_two_border_radius__hover=&#8220;100px&#8220; button_one_letter_spacing__hover_enabled=&#8220;off&#8220; button_two_letter_spacing__hover_enabled=&#8220;off&#8220; button_one_bg_color__hover_enabled=&#8220;on&#8220; button_one_bg_color__hover=&#8220;#ff8a70&#8243; button_two_bg_color__hover_enabled=&#8220;on&#8220; button_two_bg_color__hover=&#8220;#ff8a70&#8243;]<\/p>\n<p>P\u0159ehled pr\u00e1zdnin a dn\u016f volna pro \u0161koln\u00ed rok 2024\/2025<\/p>\n<p>[\/et_pb_fullwidth_header][\/et_pb_section][et_pb_section fb_built=&#8220;1&#8243; _builder_version=&#8220;4.25.1&#8243; background_enable_image=&#8220;off&#8220; custom_padding=&#8220;0|0px|0|0px|false|false&#8220; global_colors_info=&#8220;{}&#8220;][et_pb_row column_structure=&#8220;1_2,1_2&#8243; _builder_version=&#8220;4.16&#8243; global_colors_info=&#8220;{}&#8220;][et_pb_column type=&#8220;1_2&#8243; _builder_version=&#8220;4.16&#8243; custom_padding=&#8220;|||&#8220; global_colors_info=&#8220;{}&#8220; custom_padding__hover=&#8220;|||&#8220;][et_pb_accordion open_toggle_text_color=&#8220;#0C71C3&#8243; open_toggle_background_color=&#8220;RGBA(255,255,255,0)&#8220; closed_toggle_background_color=&#8220;RGBA(255,255,255,0)&#8220; icon_color=&#8220;#0C71C3&#8243; _builder_version=&#8220;4.27.4&#8243; toggle_text_color=&#8220;#0C71C3&#8243; toggle_font=&#8220;||||||||&#8220; hover_enabled=&#8220;0&#8243; global_colors_info=&#8220;{}&#8220; sticky_enabled=&#8220;0&#8243;][et_pb_accordion_item title=&#8220;Za\u010d\u00e1tek \u0161koln\u00edho roku&#8220; open=&#8220;off&#8220; open_toggle_background_color=&#8220;RGBA(255,255,255,0)&#8220; closed_toggle_background_color=&#8220;RGBA(255,255,255,0)&#8220; icon_color=&#8220;#0C71C3&#8243; _builder_version=&#8220;4.27.4&#8243; hover_enabled=&#8220;0&#8243; global_colors_info=&#8220;{}&#8220; toggle_text_color=&#8220;#0C71C3&#8243; toggle_font=&#8220;Rubik||||||||&#8220; toggle_font_size=&#8220;18px&#8220; sticky_enabled=&#8220;0&#8243;]<\/p>\n<p>\u0160koln\u00ed rok 2025\/26 zah\u00e1j\u00edme v pond\u011bl\u00ed 1. z\u00e1\u0159\u00ed 2025.<\/p>\n<p>[\/et_pb_accordion_item][et_pb_accordion_item title=&#8220;St\u00e1tn\u00ed sv\u00e1tky &#8211; dny volna&#8220; _builder_version=&#8220;4.27.4&#8243; hover_enabled=&#8220;0&#8243; global_colors_info=&#8220;{}&#8220; toggle_font=&#8220;Rubik||||||||&#8220; open=&#8220;off&#8220; sticky_enabled=&#8220;0&#8243;]<\/p>\n<p>&nbsp;<\/p>\n<p>&nbsp;<\/p>\n<table border=\"0\" style=\"height: 415px; border-collapse: collapse; width: 70.3373%; float: left;\" cellpadding=\"1\" cellspacing=\"1\" width=\"30%\">\n<tbody>\n<tr height=\"20\" style=\"height: 15px;\">\n<td height=\"20\" style=\"height: 15px; transition: background 40ms ease-in 10ms; width: 42.0822%;\">\u00fater\u00fd\u00a0 28. 10. 2025<\/td>\n<td style=\"transition: background 40ms ease-in 10ms; width: 103.918%; height: 15px;\">Den vzniku samostatn\u00e9ho \u010deskoslovensk\u00e9ho st\u00e1tu<\/td>\n<\/tr>\n<tr height=\"20\" style=\"height: 15px;\">\n<td height=\"20\" style=\"height: 15px; transition: background 40ms ease-in 10ms; width: 42.0822%;\">st\u0159eda 24. 12. 2025<\/td>\n<td style=\"transition: background 40ms ease-in 10ms; width: 103.918%; height: 15px;\">\u0160t\u011bdr\u00fd den<\/td>\n<\/tr>\n<tr height=\"20\" style=\"height: 15px;\">\n<td height=\"20\" style=\"height: 15px; transition: background 40ms ease-in 10ms; background-image: -webkit-gradient(linear, 0% 100%, 0% 0%, color-stop(0.25, #f6f6f6), color-stop(0.5, #ffffff)); width: 42.0822%;\">\u010dtvrtek 25. 12. 2025<\/td>\n<td style=\"transition: background 40ms ease-in 10ms; background-image: -webkit-gradient(linear, 0% 100%, 0% 0%, color-stop(0.25, #f6f6f6), color-stop(0.5, #ffffff)); width: 103.918%; height: 15px;\">1. sv\u00e1tek v\u00e1no\u010dn\u00ed<\/td>\n<\/tr>\n<tr height=\"20\" style=\"height: 15px;\">\n<td height=\"20\" style=\"height: 15px; transition: background 40ms ease-in 10ms; width: 42.0822%;\">p\u00e1tek 26. 12. 2026<\/td>\n<td style=\"transition: background 40ms ease-in 10ms; width: 103.918%; height: 15px;\">2. sv\u00e1tek v\u00e1no\u010dn\u00ed<\/td>\n<\/tr>\n<tr height=\"20\" style=\"height: 15px;\">\n<td height=\"20\" style=\"height: 15px; transition: background 40ms ease-in 10ms; width: 42.0822%;\">\u010dtvrtek 1. 1. 2026<\/td>\n<td style=\"transition: background 40ms ease-in 10ms; width: 103.918%; height: 15px;\">Nov\u00fd rok<\/td>\n<\/tr>\n<tr height=\"20\" style=\"height: 15px;\">\n<td height=\"20\" style=\"height: 15px; transition: background 40ms ease-in 10ms; background-image: -webkit-gradient(linear, 0% 100%, 0% 0%, color-stop(0.25, #f6f6f6), color-stop(0.5, #ffffff)); width: 42.0822%;\">p\u00e1tek 2. 4. 2026<\/td>\n<td style=\"transition: background 40ms ease-in 10ms; background-image: -webkit-gradient(linear, 0% 100%, 0% 0%, color-stop(0.25, #f6f6f6), color-stop(0.5, #ffffff)); width: 103.918%; height: 15px;\">Velk\u00fd p\u00e1tek<\/td>\n<\/tr>\n<tr height=\"20\" style=\"height: 15px;\">\n<td height=\"20\" style=\"height: 15px; transition: background 40ms ease-in 10ms; width: 42.0822%;\">pond\u011bl\u00ed 5. 4. 2026<\/td>\n<td style=\"transition: background 40ms ease-in 10ms; width: 103.918%; height: 15px;\">Velikono\u010dn\u00ed pond\u011bl\u00ed<\/td>\n<\/tr>\n<tr height=\"20\" style=\"height: 15px;\">\n<td height=\"20\" style=\"height: 15px; transition: background 40ms ease-in 10ms; background-image: -webkit-gradient(linear, 0% 100%, 0% 0%, color-stop(0.25, #f6f6f6), color-stop(0.5, #ffffff)); width: 42.0822%;\">p\u00e1tek 1. 5. 2026<\/td>\n<td style=\"transition: background 40ms ease-in 10ms; background-image: -webkit-gradient(linear, 0% 100%, 0% 0%, color-stop(0.25, #f6f6f6), color-stop(0.5, #ffffff)); width: 103.918%; height: 15px;\">Sv\u00e1tek pr\u00e1ce<\/td>\n<\/tr>\n<tr height=\"20\" style=\"height: 15px;\">\n<td height=\"20\" style=\"height: 15px; transition: background 40ms ease-in 10ms; width: 42.0822%;\">p\u00e1tek 8. 5. 2026<\/td>\n<td style=\"transition: background 40ms ease-in 10ms; width: 103.918%; height: 15px;\">Den v\u00edt\u011bzstv\u00ed<\/td>\n<\/tr>\n<\/tbody>\n<\/table>\n<p>[\/et_pb_accordion_item][et_pb_accordion_item title=&#8220;Podzimn\u00ed pr\u00e1zdniny&#8220; _builder_version=&#8220;4.27.4&#8243; hover_enabled=&#8220;0&#8243; global_colors_info=&#8220;{}&#8220; toggle_font=&#8220;Rubik||||||||&#8220; open=&#8220;on&#8220; sticky_enabled=&#8220;0&#8243;]<\/p>\n<p>Podzimn\u00ed pr\u00e1zdniny p\u0159ipadnou na pond\u011bl\u00ed 27. \u0159\u00edjna a st\u0159edu 29. \u0159\u00edjna 2025<\/p>\n<p>V pond\u011bl\u00ed 28. \u0159\u00edjna je st\u00e1tn\u00ed sv\u00e1tek.<\/p>\n<p>[\/et_pb_accordion_item][et_pb_accordion_item title=&#8220;V\u00e1no\u010dn\u00ed pr\u00e1zdniny&#8220; _builder_version=&#8220;4.25.1&#8243; hover_enabled=&#8220;0&#8243; global_colors_info=&#8220;{}&#8220; toggle_font=&#8220;Rubik||||||||&#8220; open=&#8220;off&#8220; sticky_enabled=&#8220;0&#8243;]<\/p>\n<p><strong>V\u00e1no\u010dn\u00ed pr\u00e1zdniny<\/strong><span>\u00a0za\u010d\u00ednaj\u00ed\u00a0<\/span><strong>v pond\u011bl\u00ed 22. prosince 2025 a kon\u010d\u00ed v p\u00e1tek 2. ledna 2026<\/strong><span>. Vyu\u010dov\u00e1n\u00ed za\u010dne v pond\u011bl\u00ed 5. ledna 2026.<\/span><\/p>\n<p>[\/et_pb_accordion_item][et_pb_accordion_item title=&#8220;Vysv\u011bd\u010den\u00ed za prvn\u00ed pololet\u00ed&#8220; _builder_version=&#8220;4.25.1&#8243; global_colors_info=&#8220;{}&#8220; toggle_font=&#8220;Rubik||||||||&#8220; open=&#8220;off&#8220;]<\/p>\n<p><span>Vysv\u011bd\u010den\u00ed s hodnocen\u00edm za prvn\u00ed pololet\u00ed bude \u017e\u00e1k\u016fm p\u0159ed\u00e1no ve \u010dtvrtek 29. ledna 2026.<\/span><\/p>\n<p>[\/et_pb_accordion_item][et_pb_accordion_item title=&#8220;Pololetn\u00ed pr\u00e1zdniny&#8220; _builder_version=&#8220;4.27.4&#8243; hover_enabled=&#8220;0&#8243; global_colors_info=&#8220;{}&#8220; toggle_font=&#8220;Rubik||||||||&#8220; open=&#8220;off&#8220; sticky_enabled=&#8220;0&#8243;]<\/p>\n<p><span>Jednodenn\u00ed pololetn\u00ed pr\u00e1zdniny p\u0159ipadnou na p\u00e1tek 30. ledna 2026.<\/span><\/p>\n<p>[\/et_pb_accordion_item][et_pb_accordion_item title=&#8220;Jarn\u00ed pr\u00e1zdniny&#8220; _builder_version=&#8220;4.27.4&#8243; hover_enabled=&#8220;0&#8243; global_colors_info=&#8220;{}&#8220; toggle_font=&#8220;Rubik||||||||&#8220; open=&#8220;off&#8220; sticky_enabled=&#8220;0&#8243;]<\/p>\n<p>Jarn\u00ed pr\u00e1zdniny v d\u00e9lce jednoho t\u00fddne jsou 9. 3. &#8211; 13. 3. 2026<\/p>\n<p>[\/et_pb_accordion_item][et_pb_accordion_item title=&#8220;Velikono\u010dn\u00ed pr\u00e1zdniny&#8220; _builder_version=&#8220;4.27.4&#8243; hover_enabled=&#8220;0&#8243; global_colors_info=&#8220;{}&#8220; toggle_font=&#8220;Rubik||||||||&#8220; open=&#8220;off&#8220; sticky_enabled=&#8220;0&#8243;]<\/p>\n<p><strong>Velikono\u010dn\u00ed pr\u00e1zdniny<\/strong><span>\u00a0p\u0159ipadnou\u00a0<\/span><strong>na \u010dtvrtek 2. dubna 2026<\/strong><span>.<\/span><\/p>\n<p>Do \u0161koln\u00edch lavic tedy op\u011bt zasedneme v \u00fater\u00fd 7.dubna 2026.<\/p>\n<p>&nbsp;<\/p>\n<p>[\/et_pb_accordion_item][et_pb_accordion_item title=&#8220;Konec \u0161koln\u00edho roku&#8220; _builder_version=&#8220;4.27.4&#8243; hover_enabled=&#8220;0&#8243; global_colors_info=&#8220;{}&#8220; toggle_font=&#8220;Rubik||||||||&#8220; open=&#8220;off&#8220; sticky_enabled=&#8220;0&#8243;]<\/p>\n<p><span>Vyu\u010dov\u00e1n\u00ed ve druh\u00e9m pololet\u00ed bude ukon\u010deno\u00a0<\/span><strong>v \u00fater\u00fd 30. \u010dervna 2026.<\/strong><\/p>\n<p><strong>Hlavn\u00ed pr\u00e1zdniny<\/strong><span>\u00a0trvaj\u00ed\u00a0<\/span><strong>od 1. \u010dervence 2026 do 31. srpna 2026.<\/strong><\/p>\n<p><strong>Vyu\u010dov\u00e1n\u00ed<\/strong><span> ve \u0161koln\u00edm roce 2026\/2027 za\u010dne <\/span><strong>v \u00fater\u00fd 1. z\u00e1\u0159\u00ed 2026.<\/strong><\/p>\n<p>[\/et_pb_accordion_item][\/et_pb_accordion][et_pb_sidebar _builder_version=&#8220;4.16&#8243; global_colors_info=&#8220;{}&#8220;][\/et_pb_sidebar][\/et_pb_column][et_pb_column type=&#8220;1_2&#8243; _builder_version=&#8220;4.16&#8243; custom_padding=&#8220;|||&#8220; global_colors_info=&#8220;{}&#8220; custom_padding__hover=&#8220;|||&#8220;][\/et_pb_column][\/et_pb_row][\/et_pb_section][et_pb_section fb_built=&#8220;1&#8243; custom_padding_last_edited=&#8220;off|tablet&#8220; admin_label=&#8220;Footer&#8220; _builder_version=&#8220;4.16&#8243; background_image=&#8220;https:\/\/www.sadovka.cz\/wp-content\/uploads\/2021\/03\/paticka.png&#8220; background_position=&#8220;bottom_center&#8220; custom_padding=&#8220;||26vw||false|false&#8220; custom_padding_tablet=&#8220;||||false|false&#8220; global_colors_info=&#8220;{}&#8220;][\/et_pb_section][et_pb_section fb_built=&#8220;1&#8243; admin_label=&#8220;Section&#8220; _builder_version=&#8220;3.19.1&#8243; background_color=&#8220;rgba(0,0,0,0.84)&#8220; custom_margin=&#8220;2px|||||&#8220; custom_padding=&#8220;17px||0px||false|false&#8220; custom_padding_tablet=&#8220;0px||0px|&#8220; transparent_background=&#8220;off&#8220; padding_mobile=&#8220;on&#8220; global_module=&#8220;6019&#8243; saved_tabs=&#8220;all&#8220; global_colors_info=&#8220;{}&#8220;][et_pb_row column_structure=&#8220;1_2,1_4,1_4&#8243; use_custom_gutter=&#8220;on&#8220; gutter_width=&#8220;2&#8243; column_padding_mobile=&#8220;on&#8220; admin_label=&#8220;Row&#8220; _builder_version=&#8220;4.16&#8243; background_size=&#8220;initial&#8220; background_position=&#8220;top_left&#8220; background_repeat=&#8220;repeat&#8220; custom_padding=&#8220;9px||0||false|false&#8220; global_colors_info=&#8220;{}&#8220;][et_pb_column type=&#8220;1_2&#8243; _builder_version=&#8220;4.16&#8243; custom_padding=&#8220;|||&#8220; global_colors_info=&#8220;{}&#8220; custom_padding__hover=&#8220;|||&#8220;][et_pb_image src=&#8220;https:\/\/www.sadovka.cz\/wp-content\/uploads\/2019\/09\/sadovka-logo-paticka-e1568360174104.png&#8220; align_tablet=&#8220;center&#8220; align_phone=&#8220;&#8220; align_last_edited=&#8220;on|desktop&#8220; _builder_version=&#8220;4.16&#8243; global_colors_info=&#8220;{}&#8220;][\/et_pb_image][et_pb_text admin_label=&#8220;Text&#8220; _builder_version=&#8220;4.16&#8243; text_font=&#8220;Source Sans Pro||||&#8220; text_text_color=&#8220;#aaaaaa&#8220; text_font_size=&#8220;16&#8243; text_line_height=&#8220;1.5em&#8220; background_size=&#8220;initial&#8220; background_position=&#8220;top_left&#8220; background_repeat=&#8220;repeat&#8220; max_width=&#8220;300px&#8220; custom_margin=&#8220;||30px|&#8220; custom_margin_tablet=&#8220;||10px|&#8220; custom_margin_phone=&#8220;&#8220; custom_margin_last_edited=&#8220;on|tablet&#8220; custom_padding=&#8220;0px|||&#8220; use_border_color=&#8220;off&#8220; border_color=&#8220;#ffffff&#8220; border_style=&#8220;solid&#8220; global_colors_info=&#8220;{}&#8220;]<\/p>\n<p>Smyslem vzd\u011bl\u00e1v\u00e1n\u00ed na Sadovce je, aby se na\u0161i \u017e\u00e1ci dok\u00e1zali samostatn\u011b a sebev\u011bdom\u011b rozhodovat, byli odpov\u011bdn\u00ed za sebe a za sv\u00e9 okol\u00ed, ve kter\u00e9m \u017eij\u00ed \u2013 a\u0165 u\u017e v pr\u016fb\u011bhu prvn\u00edch dev\u00edti let \u0161koln\u00edho \u017eivota nebo kdykoliv pozd\u011bji.<\/p>\n<p>[\/et_pb_text][\/et_pb_column][et_pb_column type=&#8220;1_4&#8243; _builder_version=&#8220;4.16&#8243; custom_padding=&#8220;|||&#8220; global_colors_info=&#8220;{}&#8220; custom_padding__hover=&#8220;|||&#8220;][et_pb_text admin_label=&#8220;Text&#8220; _builder_version=&#8220;4.16&#8243; text_font=&#8220;Source Sans Pro|on|||&#8220; text_text_color=&#8220;#666666&#8243; text_font_size=&#8220;18&#8243; text_line_height=&#8220;1.4em&#8220; background_size=&#8220;initial&#8220; background_position=&#8220;top_left&#8220; background_repeat=&#8220;repeat&#8220; custom_margin=&#8220;||8px|&#8220; use_border_color=&#8220;off&#8220; border_color=&#8220;#ffffff&#8220; border_style=&#8220;solid&#8220; global_colors_info=&#8220;{}&#8220;]<\/p>\n<p>NEJ\u010cAST\u011aJ\u0160\u00cd ODKAZY<\/p>\n<p>[\/et_pb_text][et_pb_text admin_label=&#8220;Text&#8220; _builder_version=&#8220;4.16&#8243; text_font=&#8220;Source Sans Pro||||&#8220; text_text_color=&#8220;#ffffff&#8220; text_font_size=&#8220;18&#8243; text_line_height=&#8220;2.2em&#8220; link_font=&#8220;||||||||&#8220; link_text_color=&#8220;#ffffff&#8220; header_font=&#8220;||||||||&#8220; header_text_color=&#8220;#ffffff&#8220; background_size=&#8220;initial&#8220; background_position=&#8220;top_left&#8220; background_repeat=&#8220;repeat&#8220; background_layout=&#8220;dark&#8220; custom_padding=&#8220;0px|||&#8220; use_border_color=&#8220;off&#8220; border_color=&#8220;#ffffff&#8220; border_style=&#8220;solid&#8220; global_colors_info=&#8220;{}&#8220;]<\/p>\n<p><a href=\"https:\/\/sadovazs.bakalari.cz\/webrodice\/rozvrh.aspx\">Rozvrhy hodin<\/a><br \/> <a href=\"#https:\/\/www.sadovka.cz\/index.php\/vyuka\/nasi-ucitele\/\">Na\u0161i u\u010ditel\u00e9<\/a><br \/> <a href=\"https:\/\/sadovazs.bakalari.cz\/webrodice\/next\/login.aspx?ReturnUrl=%2fwebrodice%2fnext%2fdash.aspx\">Bakal\u00e1\u0159i<\/a><br \/> <a href=\"https:\/\/www.sadovka.cz\/index.php\/zajmove-krouzky\/\">Z\u00e1jmov\u00e9 krou\u017eky<\/a><br \/> <a href=\"https:\/\/www.sadovka.cz\/index.php\/kalendar-skolniho-roku\/\">Kalend\u00e1\u0159\u00a0<\/a><br \/> <a href=\"https:\/\/www.sadovka.cz\/index.php\/kalendar-skolniho-roku\/\">Kontakt<\/a><\/p>\n<p>[\/et_pb_text][\/et_pb_column][et_pb_column type=&#8220;1_4&#8243; _builder_version=&#8220;4.16&#8243; custom_padding=&#8220;|||&#8220; global_colors_info=&#8220;{}&#8220; custom_padding__hover=&#8220;|||&#8220;][et_pb_text admin_label=&#8220;Text&#8220; _builder_version=&#8220;4.16&#8243; text_font=&#8220;Source Sans Pro|on|||&#8220; text_text_color=&#8220;#666666&#8243; text_font_size=&#8220;18&#8243; text_line_height=&#8220;1.4em&#8220; background_size=&#8220;initial&#8220; background_position=&#8220;top_left&#8220; background_repeat=&#8220;repeat&#8220; custom_margin=&#8220;||8px|&#8220; use_border_color=&#8220;off&#8220; border_color=&#8220;#ffffff&#8220; border_style=&#8220;solid&#8220; global_colors_info=&#8220;{}&#8220;]<\/p>\n<p>SLEDUJTE N\u00c1S<\/p>\n<p>[\/et_pb_text][et_pb_social_media_follow url_new_window=&#8220;off&#8220; admin_label=&#8220;Social Media Follow&#8220; _builder_version=&#8220;4.16&#8243; border_radii=&#8220;on|100%|100%|100%|100%&#8220; link_shape=&#8220;circle&#8220; global_colors_info=&#8220;{}&#8220;][et_pb_social_media_follow_network social_network=&#8220;facebook&#8220; url=&#8220;https:\/\/www.facebook.com\/zscaslavsadova&#8220; _builder_version=&#8220;4.16&#8243; background_color=&#8220;#3b5998&#8243; bg_color=&#8220;#3b5998&#8243; global_colors_info=&#8220;{}&#8220; follow_button=&#8220;off&#8220; url_new_window=&#8220;off&#8220;]<\/p>\n<p>facebook<\/p>\n<p>[\/et_pb_social_media_follow_network][\/et_pb_social_media_follow][\/et_pb_column][\/et_pb_row][\/et_pb_section]<\/p>\n","protected":false},"excerpt":{"rendered":"<p>P\u0159ehled pr\u00e1zdnin a dn\u016f volna pro \u0161koln\u00ed rok 2024\/2025\u0160koln\u00ed rok 2025\/26 zah\u00e1j\u00edme v pond\u011bl\u00ed 1. z\u00e1\u0159\u00ed 2025.&nbsp; &nbsp; \u00fater\u00fd\u00a0 28. 10. 2025 Den vzniku samostatn\u00e9ho \u010deskoslovensk\u00e9ho st\u00e1tu st\u0159eda 24. 12. 2025 \u0160t\u011bdr\u00fd den \u010dtvrtek 25. 12. 2025 1. sv\u00e1tek v\u00e1no\u010dn\u00ed p\u00e1tek 26. 12. 2026 2. sv\u00e1tek v\u00e1no\u010dn\u00ed \u010dtvrtek 1. 1. 2026 Nov\u00fd rok p\u00e1tek 2. [&hellip;]<\/p>\n","protected":false},"author":1,"featured_media":0,"parent":0,"menu_order":0,"comment_status":"closed","ping_status":"closed","template":"","meta":{"_et_pb_use_builder":"on","_et_pb_old_content":"<!-- wp:divi\/placeholder \/-->","_et_gb_content_width":"","footnotes":""},"class_list":["post-4627","page","type-page","status-publish","hentry"],"jetpack_sharing_enabled":true,"jetpack_shortlink":"https:\/\/wp.me\/PacQUf-1cD","_links":{"self":[{"href":"https:\/\/www.sadovka.cz\/index.php\/wp-json\/wp\/v2\/pages\/4627","targetHints":{"allow":["GET"]}}],"collection":[{"href":"https:\/\/www.sadovka.cz\/index.php\/wp-json\/wp\/v2\/pages"}],"about":[{"href":"https:\/\/www.sadovka.cz\/index.php\/wp-json\/wp\/v2\/types\/page"}],"author":[{"embeddable":true,"href":"https:\/\/www.sadovka.cz\/index.php\/wp-json\/wp\/v2\/users\/1"}],"replies":[{"embeddable":true,"href":"https:\/\/www.sadovka.cz\/index.php\/wp-json\/wp\/v2\/comments?post=4627"}],"version-history":[{"count":39,"href":"https:\/\/www.sadovka.cz\/index.php\/wp-json\/wp\/v2\/pages\/4627\/revisions"}],"predecessor-version":[{"id":237575,"href":"https:\/\/www.sadovka.cz\/index.php\/wp-json\/wp\/v2\/pages\/4627\/revisions\/237575"}],"wp:attachment":[{"href":"https:\/\/www.sadovka.cz\/index.php\/wp-json\/wp\/v2\/media?parent=4627"}],"curies":[{"name":"wp","href":"https:\/\/api.w.org\/{rel}","templated":true}]}}