{"id":237578,"date":"2025-08-29T13:51:46","date_gmt":"2025-08-29T11:51:46","guid":{"rendered":"https:\/\/www.sadovka.cz\/?page_id=237578"},"modified":"2025-09-23T11:03:24","modified_gmt":"2025-09-23T09:03:24","slug":"klicek","status":"publish","type":"page","link":"https:\/\/www.sadovka.cz\/index.php\/klicek\/","title":{"rendered":"Kl\u00ed\u010dek"},"content":{"rendered":"<p>[et_pb_section fb_built=&#8220;1&#8243; fullwidth=&#8220;on&#8220; _builder_version=&#8220;4.27.4&#8243; _module_preset=&#8220;default&#8220; background_enable_image=&#8220;off&#8220; bottom_divider_style=&#8220;waves&#8220; bottom_divider_color=&#8220;#FFFFFF&#8220; global_colors_info=&#8220;{}&#8220;][et_pb_fullwidth_header text_orientation=&#8220;center&#8220; logo_image_url=&#8220;https:\/\/www.sadovka.cz\/wp-content\/uploads\/2025\/09\/klicek-logo-II.png&#8220; _builder_version=&#8220;4.27.4&#8243; _module_preset=&#8220;default&#8220; background_enable_color=&#8220;off&#8220; background_image=&#8220;https:\/\/www.sadovka.cz\/wp-content\/uploads\/2025\/08\/KLICEK-POZADI-web-II.png&#8220; background_size=&#8220;initial&#8220; custom_padding=&#8220;||0px|||&#8220; global_colors_info=&#8220;{}&#8220;][\/et_pb_fullwidth_header][\/et_pb_section][et_pb_section fb_built=&#8220;1&#8243; prev_background_color=&#8220;#ffffff&#8220; _builder_version=&#8220;4.27.4&#8243; _module_preset=&#8220;default&#8220; background_image=&#8220;https:\/\/www.sadovka.cz\/wp-content\/uploads\/2020\/10\/img-02.png&#8220; custom_padding=&#8220;3px||10px|||&#8220; top_divider_style=&#8220;waves&#8220; global_colors_info=&#8220;{}&#8220;][et_pb_row column_structure=&#8220;1_2,1_2&#8243; _builder_version=&#8220;4.27.4&#8243; _module_preset=&#8220;default&#8220; global_colors_info=&#8220;{}&#8220;][et_pb_column type=&#8220;1_2&#8243; _builder_version=&#8220;4.27.4&#8243; _module_preset=&#8220;default&#8220; global_colors_info=&#8220;{}&#8220;][et_pb_text _builder_version=&#8220;4.27.4&#8243; _module_preset=&#8220;default&#8220; text_font_size=&#8220;19px&#8220; global_colors_info=&#8220;{}&#8220;]<\/p>\n<p>P\u0159ipravujeme d\u011bti na z\u00e1pis a pohodov\u00fd p\u0159echod z mate\u0159sk\u00e9 \u0161koly do 1. t\u0159\u00eddy. Hravou formou posilujeme dovednosti, kter\u00e9 jsou pro \u0161kolu kl\u00ed\u010dov\u00e9 \u2013 jemnou motoriku, soust\u0159ed\u011bn\u00ed, zrakov\u00e9 a sluchov\u00e9 vn\u00edm\u00e1n\u00ed, soci\u00e1ln\u00ed dovednosti, samostatnost a zdrav\u00e9 sebev\u011bdom\u00ed.<\/p>\n<p>[\/et_pb_text][\/et_pb_column][et_pb_column type=&#8220;1_2&#8243; _builder_version=&#8220;4.27.4&#8243; _module_preset=&#8220;default&#8220; global_colors_info=&#8220;{}&#8220;][\/et_pb_column][\/et_pb_row][et_pb_row column_structure=&#8220;2_5,3_5&#8243; _builder_version=&#8220;4.27.4&#8243; _module_preset=&#8220;default&#8220; custom_padding=&#8220;||2px|||&#8220; global_colors_info=&#8220;{}&#8220;][et_pb_column type=&#8220;2_5&#8243; _builder_version=&#8220;4.27.4&#8243; _module_preset=&#8220;default&#8220; global_colors_info=&#8220;{}&#8220;][et_pb_image src=&#8220;https:\/\/www.sadovka.cz\/wp-content\/uploads\/2025\/08\/klicek-stin.png&#8220; title_text=&#8220;klicek stin&#8220; _builder_version=&#8220;4.27.4&#8243; _module_preset=&#8220;default&#8220; global_colors_info=&#8220;{}&#8220;][\/et_pb_image][\/et_pb_column][et_pb_column type=&#8220;3_5&#8243; _builder_version=&#8220;4.27.4&#8243; _module_preset=&#8220;default&#8220; global_colors_info=&#8220;{}&#8220;][et_pb_text _builder_version=&#8220;4.27.4&#8243; _module_preset=&#8220;default&#8220; header_font=&#8220;Playfair Display|800|||||||&#8220; header_font_size=&#8220;35px&#8220; custom_margin=&#8220;||13px|||&#8220; global_colors_info=&#8220;{}&#8220;]<\/p>\n<h1>Kl\u00ed\u010dek<\/h1>\n<p>[\/et_pb_text][et_pb_text _builder_version=&#8220;4.27.4&#8243; _module_preset=&#8220;default&#8220; text_font_size=&#8220;19px&#8220; global_colors_info=&#8220;{}&#8220;]<\/p>\n<p>Kl\u00ed\u010dek je <strong>kurz \u0161esti lekc\u00ed<\/strong> pro p\u0159ed\u0161kol\u00e1ky od \u0159\u00edjna do ledna. B\u011bhem \u010dty\u0159 m\u011bs\u00edc\u016f budeme pracovat hravou a z\u00e1\u017eitkovou formou \u2013 aktivity jsou <strong>pestr\u00e9<\/strong>, <strong>smyslov\u00e9<\/strong> a <strong>propojuj\u00ed pohyb<\/strong>, <strong>pr\u00e1ci u stole\u010dku<\/strong> i <strong>tvo\u0159en\u00ed<\/strong>. U\u010d\u00edme v mal\u00fdch skupin\u00e1ch, aby m\u011bl ka\u017ed\u00fd prostor a individu\u00e1ln\u00ed podporu v bezpe\u010dn\u00e9m prost\u0159ed\u00ed. Postupujeme metodikou krok za krokem a navazujeme na p\u0159edchoz\u00ed dovednosti. \u00dazce spolupracujeme s rodi\u010di, po ka\u017ed\u00e9 lekci d\u00e1v\u00e1me kr\u00e1tkou zp\u011btnou vazbu a <strong>praktick\u00e9 tipy pro dom\u00e1c\u00ed podporu<\/strong>. Cel\u00e9 veden\u00ed je respektuj\u00edc\u00ed \u2013 <strong>podporujeme samostatnost<\/strong>, <strong>zv\u00eddavost<\/strong> i <strong>vnit\u0159n\u00ed motivaci d\u011bt\u00ed<\/strong>.<\/p>\n<p>[\/et_pb_text][\/et_pb_column][\/et_pb_row][\/et_pb_section][et_pb_section fb_built=&#8220;1&#8243; _builder_version=&#8220;4.27.4&#8243; _module_preset=&#8220;default&#8220; background_enable_image=&#8220;off&#8220; custom_padding=&#8220;0px||0px|||&#8220; global_colors_info=&#8220;{}&#8220;][et_pb_row _builder_version=&#8220;4.27.4&#8243; _module_preset=&#8220;default&#8220; custom_padding=&#8220;||0px|||&#8220; global_colors_info=&#8220;{}&#8220;][et_pb_column type=&#8220;4_4&#8243; _builder_version=&#8220;4.27.4&#8243; _module_preset=&#8220;default&#8220; global_colors_info=&#8220;{}&#8220;][et_pb_text _builder_version=&#8220;4.27.4&#8243; _module_preset=&#8220;default&#8220; header_font=&#8220;Playfair Display|800|||||||&#8220; header_font_size=&#8220;35px&#8220; custom_margin=&#8220;||13px|||&#8220; global_colors_info=&#8220;{}&#8220;]<\/p>\n<h1>Term\u00edny Kl\u00ed\u010dku:<\/h1>\n<p>[\/et_pb_text][\/et_pb_column][\/et_pb_row][\/et_pb_section][et_pb_section fb_built=&#8220;1&#8243; specialty=&#8220;on&#8220; padding_top_1=&#8220;50px&#8220; padding_top_bottom_link_1=&#8220;false&#8220; padding_left_right_link_1=&#8220;false&#8220; padding_1_tablet=&#8220;0px||||false|false&#8220; padding_1_phone=&#8220;&#8220; padding_1_last_edited=&#8220;on|phone&#8220; admin_label=&#8220;Header&#8220; _builder_version=&#8220;4.27.4&#8243; background_enable_color=&#8220;off&#8220; use_background_color_gradient=&#8220;on&#8220; background_color_gradient_stops=&#8220;#ffffff 0%|rgba(255,255,255,0.52) 100%&#8220; background_color_gradient_overlays_image=&#8220;on&#8220; background_color_gradient_start=&#8220;#ffffff&#8220; background_color_gradient_end=&#8220;rgba(255,255,255,0.52)&#8220; background_enable_image=&#8220;off&#8220; custom_margin=&#8220;||2px|||&#8220; custom_padding=&#8220;34px||3px|||&#8220; bottom_divider_height=&#8220;200px&#8220; bottom_divider_repeat=&#8220;1.2x&#8220; global_colors_info=&#8220;{}&#8220;][et_pb_column type=&#8220;1_2&#8243; specialty_columns=&#8220;2&#8243; _builder_version=&#8220;4.16&#8243; custom_padding=&#8220;|||&#8220; global_colors_info=&#8220;{}&#8220; custom_padding__hover=&#8220;|||&#8220;][et_pb_row_inner column_structure=&#8220;1_3,1_3,1_3&#8243; _builder_version=&#8220;4.16&#8243; min_height=&#8220;245px&#8220; custom_margin=&#8220;-50px||||false|false&#8220; custom_margin_last_edited=&#8220;off|tablet&#8220; custom_padding=&#8220;||0px|||&#8220; global_colors_info=&#8220;{}&#8220;][et_pb_column_inner type=&#8220;1_3&#8243; saved_specialty_column_type=&#8220;1_2&#8243; _builder_version=&#8220;4.16&#8243; global_colors_info=&#8220;{}&#8220;][et_pb_blurb title=&#8220;2. 10. 2025&#8243; use_icon=&#8220;on&#8220; font_icon=&#8220;&#xe023;||divi||400&#8243; icon_color=&#8220;#E09900&#8243; icon_placement=&#8220;left&#8220; _builder_version=&#8220;4.27.4&#8243; _module_preset=&#8220;default&#8220; header_font=&#8220;Abel|800|||||||&#8220; header_font_size=&#8220;23px&#8220; custom_margin=&#8220;||0px|||&#8220; global_colors_info=&#8220;{}&#8220;]<\/p>\n<p>15:30 &#8211; 16:30<\/p>\n<p>&nbsp;<\/p>\n<p>[\/et_pb_blurb][et_pb_blurb title=&#8220;13. 11. 2025&#8243; use_icon=&#8220;on&#8220; font_icon=&#8220;&#xe023;||divi||400&#8243; icon_color=&#8220;#E09900&#8243; icon_placement=&#8220;left&#8220; _builder_version=&#8220;4.27.4&#8243; _module_preset=&#8220;default&#8220; header_font=&#8220;Abel|800|||||||&#8220; header_font_size=&#8220;23px&#8220; custom_margin=&#8220;||0px|||&#8220; global_colors_info=&#8220;{}&#8220;]<\/p>\n<p>15:30 &#8211; 16:30<\/p>\n<p>&nbsp;<\/p>\n<p>[\/et_pb_blurb][\/et_pb_column_inner][et_pb_column_inner type=&#8220;1_3&#8243; saved_specialty_column_type=&#8220;1_2&#8243; _builder_version=&#8220;4.16&#8243; global_colors_info=&#8220;{}&#8220;][et_pb_blurb title=&#8220;16. 10. 2025&#8243; use_icon=&#8220;on&#8220; font_icon=&#8220;&#xe023;||divi||400&#8243; icon_color=&#8220;#E09900&#8243; icon_placement=&#8220;left&#8220; _builder_version=&#8220;4.27.4&#8243; _module_preset=&#8220;default&#8220; header_font=&#8220;Abel|800|||||||&#8220; header_font_size=&#8220;23px&#8220; custom_margin=&#8220;||0px|||&#8220; global_colors_info=&#8220;{}&#8220;]<\/p>\n<p>15:30 &#8211; 16:30<\/p>\n<p>&nbsp;<\/p>\n<p>[\/et_pb_blurb][et_pb_blurb title=&#8220;18. 12. 2025&#8243; use_icon=&#8220;on&#8220; font_icon=&#8220;&#xe023;||divi||400&#8243; icon_color=&#8220;#E09900&#8243; icon_placement=&#8220;left&#8220; _builder_version=&#8220;4.27.4&#8243; _module_preset=&#8220;default&#8220; header_font=&#8220;Abel|800|||||||&#8220; header_font_size=&#8220;23px&#8220; custom_margin=&#8220;||0px|||&#8220; global_colors_info=&#8220;{}&#8220;]<\/p>\n<p>15:30 &#8211; 16:30<\/p>\n<p>&nbsp;<\/p>\n<p>[\/et_pb_blurb][\/et_pb_column_inner][et_pb_column_inner type=&#8220;1_3&#8243; saved_specialty_column_type=&#8220;1_2&#8243; _builder_version=&#8220;4.16&#8243; global_colors_info=&#8220;{}&#8220;][et_pb_blurb title=&#8220;6. 11. 2025&#8243; use_icon=&#8220;on&#8220; font_icon=&#8220;&#xe023;||divi||400&#8243; icon_color=&#8220;#E09900&#8243; icon_placement=&#8220;left&#8220; _builder_version=&#8220;4.27.4&#8243; _module_preset=&#8220;default&#8220; header_font=&#8220;Abel|800|||||||&#8220; header_font_size=&#8220;23px&#8220; custom_margin=&#8220;||0px|||&#8220; global_colors_info=&#8220;{}&#8220;]<\/p>\n<p>15:30 &#8211; 16:30<\/p>\n<p>&nbsp;<\/p>\n<p>[\/et_pb_blurb][et_pb_blurb title=&#8220;22. 1. 2026&#8243; use_icon=&#8220;on&#8220; font_icon=&#8220;&#xe023;||divi||400&#8243; icon_color=&#8220;#E09900&#8243; icon_placement=&#8220;left&#8220; _builder_version=&#8220;4.27.4&#8243; _module_preset=&#8220;default&#8220; header_font=&#8220;Abel|800|||||||&#8220; header_font_size=&#8220;23px&#8220; custom_margin=&#8220;||0px|||&#8220; global_colors_info=&#8220;{}&#8220;]<\/p>\n<p>15:30 &#8211; 16:30<\/p>\n<p>&nbsp;<\/p>\n<p>[\/et_pb_blurb][\/et_pb_column_inner][\/et_pb_row_inner][\/et_pb_column][et_pb_column type=&#8220;1_2&#8243; _builder_version=&#8220;4.16&#8243; custom_padding=&#8220;|||&#8220; global_colors_info=&#8220;{}&#8220; custom_padding__hover=&#8220;|||&#8220;][et_pb_image src=&#8220;https:\/\/www.sadovka.cz\/wp-content\/uploads\/2025\/08\/obrazek-klicek-web.png&#8220; title_text=&#8220;obrazek klicek web&#8220; align=&#8220;right&#8220; _builder_version=&#8220;4.27.4&#8243; _module_preset=&#8220;default&#8220; global_colors_info=&#8220;{}&#8220;][\/et_pb_image][\/et_pb_column][\/et_pb_section][et_pb_section fb_built=&#8220;1&#8243; _builder_version=&#8220;4.27.4&#8243; _module_preset=&#8220;default&#8220; custom_padding=&#8220;4px||0px|||&#8220; global_colors_info=&#8220;{}&#8220;][et_pb_row _builder_version=&#8220;4.27.4&#8243; _module_preset=&#8220;default&#8220; global_colors_info=&#8220;{}&#8220;][et_pb_column type=&#8220;4_4&#8243; _builder_version=&#8220;4.27.4&#8243; _module_preset=&#8220;default&#8220; global_colors_info=&#8220;{}&#8220;][et_pb_divider color=&#8220;#000000&#8243; _builder_version=&#8220;4.27.4&#8243; _module_preset=&#8220;default&#8220; global_colors_info=&#8220;{}&#8220;][\/et_pb_divider][\/et_pb_column][\/et_pb_row][\/et_pb_section][et_pb_section fb_built=&#8220;1&#8243; _builder_version=&#8220;4.27.4&#8243; _module_preset=&#8220;default&#8220; custom_padding=&#8220;0px||1px|||&#8220; global_colors_info=&#8220;{}&#8220;][et_pb_row column_structure=&#8220;1_3,1_3,1_3&#8243; _builder_version=&#8220;4.27.4&#8243; _module_preset=&#8220;default&#8220; custom_padding=&#8220;||0px|||&#8220; global_colors_info=&#8220;{}&#8220;][et_pb_column type=&#8220;1_3&#8243; _builder_version=&#8220;4.27.4&#8243; _module_preset=&#8220;default&#8220; global_colors_info=&#8220;{}&#8220;][et_pb_text _builder_version=&#8220;4.27.4&#8243; _module_preset=&#8220;default&#8220; header_font=&#8220;Playfair Display|800|||||||&#8220; header_font_size=&#8220;35px&#8220; custom_margin=&#8220;||13px|||&#8220; global_colors_info=&#8220;{}&#8220;]<\/p>\n<h1>Obsah kurzu<\/h1>\n<p>[\/et_pb_text][et_pb_blurb title=&#8220;6 lekc\u00ed&#8220; use_icon=&#8220;on&#8220; font_icon=&#8220;&#xe052;||divi||400&#8243; icon_color=&#8220;#E09900&#8243; icon_placement=&#8220;left&#8220; content_max_width=&#8220;800px&#8220; _builder_version=&#8220;4.27.4&#8243; header_font=&#8220;PT Sans|700|||||||&#8220; header_text_color=&#8220;#2a3749&#8243; header_font_size=&#8220;16px&#8220; header_line_height=&#8220;1.9em&#8220; custom_margin=&#8220;||30px|||&#8220; locked=&#8220;off&#8220; global_colors_info=&#8220;{}&#8220;]<\/p>\n<p>60 minut systematicky strukturovan\u00fdch aktivit &#8211; p\u0159iv\u00edt\u00e1n\u00ed, rozcvi\u010dka prst\u016f a t\u011bla \u2013 hlavn\u00ed aktivita \u2013 pracovn\u00ed \u010d\u00e1st \u2013 z\u00e1v\u011br.<\/p>\n<p>[\/et_pb_blurb][et_pb_blurb title=&#8220;Viditeln\u00e9 pokroky a konkr\u00e9tn\u00ed doporu\u010den\u00ed pro rodi\u010de&#8220; use_icon=&#8220;on&#8220; font_icon=&#8220;&#xe052;||divi||400&#8243; icon_color=&#8220;#E09900&#8243; icon_placement=&#8220;left&#8220; content_max_width=&#8220;800px&#8220; _builder_version=&#8220;4.27.4&#8243; header_font=&#8220;PT Sans|700|||||||&#8220; header_text_color=&#8220;#2a3749&#8243; header_font_size=&#8220;16px&#8220; header_line_height=&#8220;1.9em&#8220; custom_margin=&#8220;||30px|||&#8220; locked=&#8220;off&#8220; global_colors_info=&#8220;{}&#8220;][\/et_pb_blurb][et_pb_blurb title=&#8220;Dom\u00e1c\u00ed tipy&#8220; use_icon=&#8220;on&#8220; font_icon=&#8220;&#xe052;||divi||400&#8243; icon_color=&#8220;#E09900&#8243; icon_placement=&#8220;left&#8220; content_max_width=&#8220;800px&#8220; _builder_version=&#8220;4.27.4&#8243; header_font=&#8220;PT Sans|700|||||||&#8220; header_text_color=&#8220;#2a3749&#8243; header_font_size=&#8220;16px&#8220; header_line_height=&#8220;1.9em&#8220; custom_margin=&#8220;||30px|||&#8220; locked=&#8220;off&#8220; global_colors_info=&#8220;{}&#8220;]<\/p>\n<p>nen\u00e1ro\u010dn\u00e9 hry a n\u00e1pady, jak dovednosti podporovat doma<\/p>\n<p>[\/et_pb_blurb][et_pb_image src=&#8220;https:\/\/www.sadovka.cz\/wp-content\/uploads\/2025\/09\/obrazek-klicek-II-web.png&#8220; title_text=&#8220;obrazek klicek II web&#8220; _builder_version=&#8220;4.27.4&#8243; _module_preset=&#8220;default&#8220; global_colors_info=&#8220;{}&#8220;][\/et_pb_image][\/et_pb_column][et_pb_column type=&#8220;1_3&#8243; _builder_version=&#8220;4.27.4&#8243; _module_preset=&#8220;default&#8220; global_colors_info=&#8220;{}&#8220;][et_pb_text _builder_version=&#8220;4.27.4&#8243; _module_preset=&#8220;default&#8220; header_font=&#8220;Playfair Display|800|||||||&#8220; header_font_size=&#8220;35px&#8220; custom_margin=&#8220;||13px|||&#8220; global_colors_info=&#8220;{}&#8220;]<\/p>\n<h1>Co si p\u0159ed\u0161kol\u00e1k odnese?<\/h1>\n<p>[\/et_pb_text][et_pb_blurb title=&#8220;P\u0159ipraven\u00e9 t\u011blo&#8220; use_icon=&#8220;on&#8220; font_icon=&#8220;&#xe06e;||divi||400&#8243; icon_color=&#8220;#E09900&#8243; icon_placement=&#8220;left&#8220; _builder_version=&#8220;4.27.4&#8243; _module_preset=&#8220;default&#8220; global_colors_info=&#8220;{}&#8220;]<\/p>\n<p>rozvoj jemn\u00e9 a hrub\u00e9 motoriky, spr\u00e1vn\u00fd \u00fachop tu\u017eky, koordinace oko\u2013ruka, ergonomie sezen\u00ed<\/p>\n<p>[\/et_pb_blurb][et_pb_blurb title=&#8220;Jazykov\u00e9 dovednosti&#8220; use_icon=&#8220;on&#8220; font_icon=&#8220;&#xe06e;||divi||400&#8243; icon_color=&#8220;#E09900&#8243; icon_placement=&#8220;left&#8220; _builder_version=&#8220;4.27.4&#8243; _module_preset=&#8220;default&#8220; global_colors_info=&#8220;{}&#8220;]<\/p>\n<p>slovn\u00ed z\u00e1soba, vypr\u00e1v\u011bn\u00ed, porozum\u011bn\u00ed instrukc\u00edm, p\u0159ed\u010dten\u00e1\u0159sk\u00e9 dovednosti (sluchov\u00e1 anal\u00fdza a synt\u00e9za)<\/p>\n<p>[\/et_pb_blurb][et_pb_blurb title=&#8220;Matematick\u00e1 p\u0159edstavivost&#8220; use_icon=&#8220;on&#8220; font_icon=&#8220;&#xe06e;||divi||400&#8243; icon_color=&#8220;#E09900&#8243; icon_placement=&#8220;left&#8220; _builder_version=&#8220;4.27.4&#8243; _module_preset=&#8220;default&#8220; global_colors_info=&#8220;{}&#8220;]<\/p>\n<p>po\u010d\u00edt\u00e1n\u00ed v praxi, t\u0159\u00edd\u011bn\u00ed, porovn\u00e1v\u00e1n\u00ed, prostorov\u00e1 orientace, logick\u00e9 my\u0161len\u00ed<\/p>\n<p>[\/et_pb_blurb][et_pb_blurb title=&#8220;Pozornost a vytrvalost&#8220; use_icon=&#8220;on&#8220; font_icon=&#8220;&#xe06e;||divi||400&#8243; icon_color=&#8220;#E09900&#8243; icon_placement=&#8220;left&#8220; _builder_version=&#8220;4.27.4&#8243; _module_preset=&#8220;default&#8220; global_colors_info=&#8220;{}&#8220;]<\/p>\n<p>soust\u0159ed\u011bn\u00ed, dokon\u010dov\u00e1n\u00ed \u00fakol\u016f, pl\u00e1nov\u00e1n\u00ed krok za krokem<\/p>\n<p>[\/et_pb_blurb][et_pb_blurb title=&#8220;Sebed\u016fv\u011bra a radost z u\u010den\u00ed&#8220; use_icon=&#8220;on&#8220; font_icon=&#8220;&#xe06e;||divi||400&#8243; icon_color=&#8220;#E09900&#8243; icon_placement=&#8220;left&#8220; _builder_version=&#8220;4.27.4&#8243; _module_preset=&#8220;default&#8220; global_colors_info=&#8220;{}&#8220;]<\/p>\n<p>d\u00edt\u011b za\u017eije \u00fasp\u011bch a pocit \u201ej\u00e1 to zvl\u00e1dnu\u201c<\/p>\n<p>[\/et_pb_blurb][\/et_pb_column][et_pb_column type=&#8220;1_3&#8243; _builder_version=&#8220;4.27.4&#8243; _module_preset=&#8220;default&#8220; global_colors_info=&#8220;{}&#8220;][et_pb_text _builder_version=&#8220;4.27.4&#8243; _module_preset=&#8220;default&#8220; header_font=&#8220;Playfair Display|800|||||||&#8220; header_font_size=&#8220;35px&#8220; custom_margin=&#8220;||13px|||&#8220; global_colors_info=&#8220;{}&#8220;]<\/p>\n<h1>Cena kurzu<\/h1>\n<p>[\/et_pb_text][et_pb_blurb title=&#8220;1 200 K\u010d&#8220; use_icon=&#8220;on&#8220; font_icon=&#8220;&#xf51e;||fa||900&#8243; icon_color=&#8220;#E09900&#8243; icon_placement=&#8220;left&#8220; _builder_version=&#8220;4.27.4&#8243; _module_preset=&#8220;default&#8220; header_level=&#8220;h3&#8243; header_font=&#8220;&#8211;et_global_heading_font|800|||||||&#8220; global_colors_info=&#8220;{}&#8220;]<\/p>\n<p>V\u0161echny pom\u016fcky a pracovn\u00ed listy poskytujeme na m\u00edst\u011b<\/p>\n<p>[\/et_pb_blurb][et_pb_text quote_border_weight=&#8220;8px&#8220; quote_border_color=&#8220;#f9ce6e&#8220; _builder_version=&#8220;4.27.4&#8243; header_2_font=&#8220;Playfair Display|700|||||||&#8220; header_2_text_color=&#8220;#2A3749&#8243; header_2_font_size=&#8220;42px&#8220; header_2_line_height=&#8220;1.1em&#8220; header_3_font=&#8220;Playfair Display|900|||||||&#8220; header_3_font_size=&#8220;35px&#8220; header_3_line_height=&#8220;1.2em&#8220; custom_margin=&#8220;42px||10px|||&#8220; custom_padding=&#8220;|||15px|false|false&#8220; header_2_font_size_tablet=&#8220;38px&#8220; header_2_font_size_phone=&#8220;25px&#8220; header_2_font_size_last_edited=&#8220;on|desktop&#8220; header_3_font_size_tablet=&#8220;34px&#8220; header_3_font_size_phone=&#8220;24px&#8220; header_3_font_size_last_edited=&#8220;on|phone&#8220; border_width_left=&#8220;10px&#8220; border_color_left=&#8220;#E09900&#8243; locked=&#8220;off&#8220; global_colors_info=&#8220;{}&#8220; min_height=&#8220;71px&#8220;]<\/p>\n<h3>P\u0159ihl\u00e1\u0161ka na kurz<\/h3>\n<p>[\/et_pb_text][et_pb_blurb title=&#8220;Kapacita Kl\u00ed\u010dku je napln\u011bna!&#8220; use_icon=&#8220;on&#8220; font_icon=&#8220;&#x73;||divi||400&#8243; icon_color=&#8220;#E09900&#8243; icon_placement=&#8220;left&#8220; _builder_version=&#8220;4.27.4&#8243; _module_preset=&#8220;default&#8220; header_level=&#8220;h3&#8243; header_font=&#8220;&#8211;et_global_heading_font|800|||||||&#8220; hover_enabled=&#8220;0&#8243; global_colors_info=&#8220;{}&#8220; sticky_enabled=&#8220;0&#8243; custom_margin=&#8220;||3px|||&#8220;]<\/p>\n<p>Je n\u00e1m to moc l\u00edto, ale n\u00e1\u0161 kl\u00ed\u010dek u\u017e dal\u0161\u00ed potenci\u00e1l odemknout nezvl\u00e1dne, kapacita kurzu je napln\u011bna do posledn\u00ed \u0161kv\u00edrky!<\/p>\n<p>[\/et_pb_blurb][et_pb_image src=&#8220;https:\/\/www.sadovka.cz\/wp-content\/uploads\/2025\/08\/QR-registrace-2025.png&#8220; title_text=&#8220;QR registrace 2025&#8243; _builder_version=&#8220;4.27.4&#8243; _module_preset=&#8220;default&#8220; transform_scale=&#8220;76%|76%&#8220; global_colors_info=&#8220;{}&#8220;][\/et_pb_image][\/et_pb_column][\/et_pb_row][\/et_pb_section][et_pb_section fb_built=&#8220;1&#8243; admin_label=&#8220;About&#8220; module_id=&#8220;zapis&#8220; _builder_version=&#8220;4.16&#8243; background_enable_image=&#8220;off&#8220; custom_padding=&#8220;0px||3px|||&#8220; global_colors_info=&#8220;{}&#8220;][et_pb_row column_structure=&#8220;1_2,1_2&#8243; _builder_version=&#8220;4.16&#8243; _module_preset=&#8220;default&#8220; custom_padding=&#8220;49px||0px|||&#8220; border_width_top=&#8220;1px&#8220; border_color_top=&#8220;#B3B3B3&#8243; global_colors_info=&#8220;{}&#8220;][et_pb_column type=&#8220;1_2&#8243; _builder_version=&#8220;4.16&#8243; _module_preset=&#8220;default&#8220; global_colors_info=&#8220;{}&#8220;][et_pb_text _builder_version=&#8220;4.27.4&#8243; header_2_font=&#8220;Playfair Display|700|||||||&#8220; header_2_text_color=&#8220;#2a3749&#8243; header_2_font_size=&#8220;50px&#8220; header_2_line_height=&#8220;1.3em&#8220; custom_margin=&#8220;-51px||11px||false|false&#8220; custom_padding=&#8220;0px||||false|false&#8220; header_2_font_size_tablet=&#8220;32px&#8220; header_2_font_size_phone=&#8220;24px&#8220; header_2_font_size_last_edited=&#8220;on|phone&#8220; locked=&#8220;off&#8220; global_colors_info=&#8220;{}&#8220;]<\/p>\n<h2>Lekto\u0159i Kl\u00ed\u010dku<\/h2>\n<p>[\/et_pb_text][\/et_pb_column][et_pb_column type=&#8220;1_2&#8243; _builder_version=&#8220;4.16&#8243; _module_preset=&#8220;default&#8220; global_colors_info=&#8220;{}&#8220;][\/et_pb_column][\/et_pb_row][et_pb_row column_structure=&#8220;1_5,1_5,1_5,1_5,1_5&#8243; _builder_version=&#8220;4.20.0&#8243; _module_preset=&#8220;default&#8220; global_colors_info=&#8220;{}&#8220;][et_pb_column type=&#8220;1_5&#8243; _builder_version=&#8220;4.20.0&#8243; _module_preset=&#8220;default&#8220; global_colors_info=&#8220;{}&#8220;][et_pb_team_member name=&#8220;Zdena Krumlov\u00e1&#8220; position=&#8220;u\u010ditelka na prvn\u00edm stupni&#8220; image_url=&#8220;https:\/\/www.sadovka.cz\/wp-content\/uploads\/2021\/08\/8Y2A9403.jpg&#8220; _builder_version=&#8220;4.16.0&#8243; _module_preset=&#8220;default&#8220; header_font=&#8220;Rubik||||||||&#8220; header_line_height=&#8220;2em&#8220; body_text_align=&#8220;center&#8220; position_text_align=&#8220;center&#8220; text_orientation=&#8220;center&#8220; custom_padding=&#8220;0px||||false|false&#8220; border_radii_image=&#8220;on|120px|120px|120px|120px&#8220; global_colors_info=&#8220;{}&#8220;][\/et_pb_team_member][\/et_pb_column][et_pb_column type=&#8220;1_5&#8243; _builder_version=&#8220;4.20.0&#8243; _module_preset=&#8220;default&#8220; global_colors_info=&#8220;{}&#8220;][et_pb_team_member name=&#8220;Lenka Gabrielov\u00e1&#8220; position=&#8220;u\u010ditelka na prvn\u00edm stupni&#8220; image_url=&#8220;https:\/\/www.sadovka.cz\/wp-content\/uploads\/2021\/08\/8Y2A9301-640&#215;640-1.jpg&#8220; _builder_version=&#8220;4.27.4&#8243; _module_preset=&#8220;default&#8220; header_font=&#8220;Rubik||||||||&#8220; header_line_height=&#8220;2em&#8220; body_text_align=&#8220;center&#8220; position_text_align=&#8220;center&#8220; text_orientation=&#8220;center&#8220; custom_padding=&#8220;0px||||false|false&#8220; border_radii_image=&#8220;on|120px|120px|120px|120px&#8220; global_colors_info=&#8220;{}&#8220;][\/et_pb_team_member][\/et_pb_column][et_pb_column type=&#8220;1_5&#8243; _builder_version=&#8220;4.20.0&#8243; _module_preset=&#8220;default&#8220; global_colors_info=&#8220;{}&#8220;][\/et_pb_column][et_pb_column type=&#8220;1_5&#8243; _builder_version=&#8220;4.20.0&#8243; _module_preset=&#8220;default&#8220; global_colors_info=&#8220;{}&#8220;][\/et_pb_column][et_pb_column type=&#8220;1_5&#8243; _builder_version=&#8220;4.20.0&#8243; _module_preset=&#8220;default&#8220; global_colors_info=&#8220;{}&#8220;][\/et_pb_column][\/et_pb_row][\/et_pb_section]<\/p>\n","protected":false},"excerpt":{"rendered":"<p>P\u0159ipravujeme d\u011bti na z\u00e1pis a pohodov\u00fd p\u0159echod z mate\u0159sk\u00e9 \u0161koly do 1. t\u0159\u00eddy. Hravou formou posilujeme dovednosti, kter\u00e9 jsou pro \u0161kolu kl\u00ed\u010dov\u00e9 \u2013 jemnou motoriku, soust\u0159ed\u011bn\u00ed, zrakov\u00e9 a sluchov\u00e9 vn\u00edm\u00e1n\u00ed, soci\u00e1ln\u00ed dovednosti, samostatnost a zdrav\u00e9 sebev\u011bdom\u00ed.Kl\u00ed\u010dekKl\u00ed\u010dek je kurz \u0161esti lekc\u00ed pro p\u0159ed\u0161kol\u00e1ky od \u0159\u00edjna do ledna. B\u011bhem \u010dty\u0159 m\u011bs\u00edc\u016f budeme pracovat hravou a z\u00e1\u017eitkovou formou [&hellip;]<\/p>\n","protected":false},"author":2,"featured_media":0,"parent":0,"menu_order":0,"comment_status":"closed","ping_status":"closed","template":"","meta":{"_et_pb_use_builder":"on","_et_pb_old_content":"","_et_gb_content_width":"","footnotes":""},"class_list":["post-237578","page","type-page","status-publish","hentry"],"jetpack_sharing_enabled":true,"jetpack_shortlink":"https:\/\/wp.me\/PacQUf-ZNU","_links":{"self":[{"href":"https:\/\/www.sadovka.cz\/index.php\/wp-json\/wp\/v2\/pages\/237578","targetHints":{"allow":["GET"]}}],"collection":[{"href":"https:\/\/www.sadovka.cz\/index.php\/wp-json\/wp\/v2\/pages"}],"about":[{"href":"https:\/\/www.sadovka.cz\/index.php\/wp-json\/wp\/v2\/types\/page"}],"author":[{"embeddable":true,"href":"https:\/\/www.sadovka.cz\/index.php\/wp-json\/wp\/v2\/users\/2"}],"replies":[{"embeddable":true,"href":"https:\/\/www.sadovka.cz\/index.php\/wp-json\/wp\/v2\/comments?post=237578"}],"version-history":[{"count":10,"href":"https:\/\/www.sadovka.cz\/index.php\/wp-json\/wp\/v2\/pages\/237578\/revisions"}],"predecessor-version":[{"id":237726,"href":"https:\/\/www.sadovka.cz\/index.php\/wp-json\/wp\/v2\/pages\/237578\/revisions\/237726"}],"wp:attachment":[{"href":"https:\/\/www.sadovka.cz\/index.php\/wp-json\/wp\/v2\/media?parent=237578"}],"curies":[{"name":"wp","href":"https:\/\/api.w.org\/{rel}","templated":true}]}}