{"id":237516,"date":"2025-04-14T12:29:47","date_gmt":"2025-04-14T10:29:47","guid":{"rendered":"https:\/\/www.sadovka.cz\/?page_id=237516"},"modified":"2025-11-07T10:01:55","modified_gmt":"2025-11-07T09:01:55","slug":"tripartity","status":"publish","type":"page","link":"https:\/\/www.sadovka.cz\/index.php\/tripartity\/","title":{"rendered":"Tripartity"},"content":{"rendered":"<p>[et_pb_section fb_built=&#8220;1&#8243; specialty=&#8220;on&#8220; next_background_color=&#8220;#ffffff&#8220; padding_top_1=&#8220;50px&#8220; padding_top_bottom_link_1=&#8220;false&#8220; padding_left_right_link_1=&#8220;false&#8220; padding_1_tablet=&#8220;0px||||false|false&#8220; padding_1_phone=&#8220;&#8220; padding_1_last_edited=&#8220;on|phone&#8220; admin_label=&#8220;Header&#8220; _builder_version=&#8220;4.20.0&#8243; background_enable_color=&#8220;off&#8220; use_background_color_gradient=&#8220;on&#8220; background_color_gradient_stops=&#8220;#ffffff 0%|rgba(255,255,255,0.52) 100%&#8220; background_color_gradient_overlays_image=&#8220;on&#8220; background_color_gradient_start=&#8220;#ffffff&#8220; background_color_gradient_end=&#8220;rgba(255,255,255,0.52)&#8220; background_image=&#8220;https:\/\/www.sadovka.cz\/wp-content\/uploads\/2023\/05\/piratske-leto-head-banner-web-II.png&#8220; custom_margin=&#8220;||2px|||&#8220; custom_padding=&#8220;0px||3px|||&#8220; bottom_divider_style=&#8220;wave&#8220; bottom_divider_height=&#8220;200px&#8220; bottom_divider_repeat=&#8220;1.2x&#8220; global_colors_info=&#8220;{}&#8220;][et_pb_column type=&#8220;1_2&#8243; specialty_columns=&#8220;2&#8243; _builder_version=&#8220;4.16&#8243; custom_padding=&#8220;|||&#8220; global_colors_info=&#8220;{}&#8220; custom_padding__hover=&#8220;|||&#8220;][et_pb_row_inner _builder_version=&#8220;4.16&#8243; min_height=&#8220;245px&#8220; custom_margin=&#8220;-50px||||false|false&#8220; custom_margin_last_edited=&#8220;off|tablet&#8220; custom_padding=&#8220;||0px|||&#8220; global_colors_info=&#8220;{}&#8220;][et_pb_column_inner saved_specialty_column_type=&#8220;1_2&#8243; _builder_version=&#8220;4.16&#8243; global_colors_info=&#8220;{}&#8220;][et_pb_divider color=&#8220;#f9ce6e&#8220; divider_position=&#8220;center&#8220; divider_weight=&#8220;1px&#8220; _builder_version=&#8220;4.16&#8243; width=&#8220;120px&#8220; height=&#8220;7px&#8220; box_shadow_style=&#8220;preset7&#8243; box_shadow_horizontal=&#8220;40px&#8220; box_shadow_vertical=&#8220;0px&#8220; box_shadow_color=&#8220;#f9ce6e&#8220; locked=&#8220;off&#8220; global_colors_info=&#8220;{}&#8220;][\/et_pb_divider][et_pb_text _builder_version=&#8220;4.27.4&#8243; header_4_font=&#8220;PT Sans|700||on|||||&#8220; header_4_text_color=&#8220;#ffc107&#8243; header_4_font_size=&#8220;11px&#8220; header_4_letter_spacing=&#8220;1px&#8220; custom_margin=&#8220;-51px|||130px|false|false&#8220; custom_padding=&#8220;||||false|false&#8220; locked=&#8220;off&#8220; global_colors_info=&#8220;{}&#8220;]<\/p>\n<h4>Sch\u016fzky<\/h4>\n<p>[\/et_pb_text][et_pb_text _builder_version=&#8220;4.27.4&#8243; text_font=&#8220;PT Sans||||||||&#8220; text_line_height=&#8220;1.8em&#8220; header_font=&#8220;Playfair Display|700|||||||&#8220; header_font_size=&#8220;60px&#8220; header_line_height=&#8220;1.1em&#8220; header_font_size_tablet=&#8220;40px&#8220; header_font_size_phone=&#8220;30px&#8220; header_font_size_last_edited=&#8220;on|phone&#8220; global_colors_info=&#8220;{}&#8220;]<\/p>\n<h1>Tripartity<\/h1>\n<p>[\/et_pb_text][et_pb_text _builder_version=&#8220;4.27.4&#8243; _module_preset=&#8220;default&#8220; global_colors_info=&#8220;{}&#8220;]<\/p>\n<p>Rezervujte si sv\u016fj term\u00edn pro tripartitn\u00ed sch\u016fzku, kde se setk\u00e1 u\u010ditel, \u017e\u00e1k a Vy, rodi\u010de. C\u00edlem sch\u016fzky je spole\u010dn\u011b monitorovat pokroky Va\u0161eho d\u00edt\u011bte, zd\u016fraznit jeho siln\u00e9 str\u00e1nky a prodiskutovat p\u0159\u00edpadn\u00e9 oblasti, kde m\u016f\u017eeme poskytnout dodate\u010dnou podporu.<\/p>\n<p>[\/et_pb_text][et_pb_blurb title=&#8220;Vyberte t\u0159\u00eddu \/ t\u0159\u00eddn\u00edho u\u010ditele&#8220; use_icon=&#8220;on&#8220; font_icon=&#8220;&#x5a;||divi||400&#8243; icon_color=&#8220;#E02B20&#8243; icon_placement=&#8220;left&#8220; _builder_version=&#8220;4.27.4&#8243; _module_preset=&#8220;default&#8220; global_colors_info=&#8220;{}&#8220;]<\/p>\n<p><span style=\"color: #ff0000;\">v z\u00e1hlav\u00ed kalend\u00e1\u0159e (\u010derven\u00fd text)<\/span><\/p>\n<p>[\/et_pb_blurb][et_pb_blurb title=&#8220;Vyberte term\u00edn&#8220; use_icon=&#8220;on&#8220; font_icon=&#8220;&#x5a;||divi||400&#8243; icon_placement=&#8220;left&#8220; _builder_version=&#8220;4.27.4&#8243; _module_preset=&#8220;default&#8220; global_colors_info=&#8220;{}&#8220;]<\/p>\n<p>zelen\u011b ozna\u010den\u00fd v kalend\u00e1\u0159i<\/p>\n<p>[\/et_pb_blurb][et_pb_blurb title=&#8220;Vypl\u0148te pole formul\u00e1\u0159e&#8220; use_icon=&#8220;on&#8220; font_icon=&#8220;&#x5a;||divi||400&#8243; icon_placement=&#8220;left&#8220; _builder_version=&#8220;4.27.4&#8243; _module_preset=&#8220;default&#8220; global_colors_info=&#8220;{}&#8220;]<\/p>\n<p>jm\u00e9no a p\u0159\u00edjmen\u00ed d\u00edt\u011bte, kontakt na v\u00e1s (e-mailem obdr\u017e\u00edte potvrzen\u00ed rezervace va\u0161eho term\u00ednu a jeden den p\u0159edem V\u00e1m ode\u0161leme p\u0159ipomenut\u00ed)<\/p>\n<p>[\/et_pb_blurb][\/et_pb_column_inner][\/et_pb_row_inner][\/et_pb_column][et_pb_column type=&#8220;1_2&#8243; _builder_version=&#8220;4.16&#8243; custom_padding=&#8220;|||&#8220; global_colors_info=&#8220;{}&#8220; custom_padding__hover=&#8220;|||&#8220;][\/et_pb_column][\/et_pb_section][et_pb_section fb_built=&#8220;1&#8243; _builder_version=&#8220;4.27.4&#8243; _module_preset=&#8220;default&#8220; custom_padding=&#8220;10px|||||&#8220; global_colors_info=&#8220;{}&#8220;][et_pb_row _builder_version=&#8220;4.27.4&#8243; _module_preset=&#8220;default&#8220; global_colors_info=&#8220;{}&#8220;][et_pb_column type=&#8220;4_4&#8243; _builder_version=&#8220;4.27.4&#8243; _module_preset=&#8220;default&#8220; global_colors_info=&#8220;{}&#8220;][et_pb_code _builder_version=&#8220;4.27.4&#8243; _module_preset=&#8220;default&#8220; global_colors_info=&#8220;{}&#8220;]<iframe src=\"https:\/\/sadovka.reservando.cz\/?eb=ifr#!\/bookings\/full\/6126\/current\" frameborder=\"0\" style=\"width:100%;height:800px\" id=\"reservando-frame\"><\/iframe>[\/et_pb_code][\/et_pb_column][\/et_pb_row][\/et_pb_section]<\/p>\n","protected":false},"excerpt":{"rendered":"<p>Sch\u016fzkyTripartityRezervujte si sv\u016fj term\u00edn pro tripartitn\u00ed sch\u016fzku, kde se setk\u00e1 u\u010ditel, \u017e\u00e1k a Vy, rodi\u010de. C\u00edlem sch\u016fzky je spole\u010dn\u011b monitorovat pokroky Va\u0161eho d\u00edt\u011bte, zd\u016fraznit jeho siln\u00e9 str\u00e1nky a prodiskutovat p\u0159\u00edpadn\u00e9 oblasti, kde m\u016f\u017eeme poskytnout dodate\u010dnou podporu.v z\u00e1hlav\u00ed kalend\u00e1\u0159e (\u010derven\u00fd text)zelen\u011b ozna\u010den\u00fd v kalend\u00e1\u0159ijm\u00e9no a p\u0159\u00edjmen\u00ed d\u00edt\u011bte, kontakt na v\u00e1s (e-mailem obdr\u017e\u00edte potvrzen\u00ed rezervace va\u0161eho term\u00ednu [&hellip;]<\/p>\n","protected":false},"author":2,"featured_media":0,"parent":0,"menu_order":0,"comment_status":"closed","ping_status":"closed","template":"","meta":{"_et_pb_use_builder":"on","_et_pb_old_content":"","_et_gb_content_width":"","footnotes":""},"class_list":["post-237516","page","type-page","status-publish","hentry"],"jetpack_sharing_enabled":true,"jetpack_shortlink":"https:\/\/wp.me\/PacQUf-ZMU","_links":{"self":[{"href":"https:\/\/www.sadovka.cz\/index.php\/wp-json\/wp\/v2\/pages\/237516","targetHints":{"allow":["GET"]}}],"collection":[{"href":"https:\/\/www.sadovka.cz\/index.php\/wp-json\/wp\/v2\/pages"}],"about":[{"href":"https:\/\/www.sadovka.cz\/index.php\/wp-json\/wp\/v2\/types\/page"}],"author":[{"embeddable":true,"href":"https:\/\/www.sadovka.cz\/index.php\/wp-json\/wp\/v2\/users\/2"}],"replies":[{"embeddable":true,"href":"https:\/\/www.sadovka.cz\/index.php\/wp-json\/wp\/v2\/comments?post=237516"}],"version-history":[{"count":6,"href":"https:\/\/www.sadovka.cz\/index.php\/wp-json\/wp\/v2\/pages\/237516\/revisions"}],"predecessor-version":[{"id":237759,"href":"https:\/\/www.sadovka.cz\/index.php\/wp-json\/wp\/v2\/pages\/237516\/revisions\/237759"}],"wp:attachment":[{"href":"https:\/\/www.sadovka.cz\/index.php\/wp-json\/wp\/v2\/media?parent=237516"}],"curies":[{"name":"wp","href":"https:\/\/api.w.org\/{rel}","templated":true}]}}