{"id":237368,"date":"2025-01-09T10:24:15","date_gmt":"2025-01-09T09:24:15","guid":{"rendered":"https:\/\/www.sadovka.cz\/?page_id=237368"},"modified":"2025-02-27T15:12:53","modified_gmt":"2025-02-27T14:12:53","slug":"smartclass","status":"publish","type":"page","link":"https:\/\/www.sadovka.cz\/index.php\/smartclass\/","title":{"rendered":"SmartClass+"},"content":{"rendered":"<p>[et_pb_section fb_built=&#8220;1&#8243; specialty=&#8220;on&#8220; next_background_color=&#8220;#ffffff&#8220; padding_top_1=&#8220;50px&#8220; padding_top_bottom_link_1=&#8220;false&#8220; padding_left_right_link_1=&#8220;false&#8220; padding_1_tablet=&#8220;0px||||false|false&#8220; padding_1_phone=&#8220;&#8220; padding_1_last_edited=&#8220;on|phone&#8220; admin_label=&#8220;Header&#8220; _builder_version=&#8220;4.20.0&#8243; background_enable_color=&#8220;off&#8220; use_background_color_gradient=&#8220;on&#8220; background_color_gradient_stops=&#8220;#ffffff 0%|rgba(255,255,255,0.52) 100%&#8220; background_color_gradient_overlays_image=&#8220;on&#8220; background_color_gradient_start=&#8220;#ffffff&#8220; background_color_gradient_end=&#8220;rgba(255,255,255,0.52)&#8220; background_image=&#8220;https:\/\/www.sadovka.cz\/wp-content\/uploads\/2023\/05\/piratske-leto-head-banner-web-II.png&#8220; custom_margin=&#8220;||2px|||&#8220; custom_padding=&#8220;0px||3px|||&#8220; bottom_divider_style=&#8220;wave&#8220; bottom_divider_height=&#8220;200px&#8220; bottom_divider_repeat=&#8220;1.2x&#8220; global_colors_info=&#8220;{}&#8220;][et_pb_column type=&#8220;1_2&#8243; specialty_columns=&#8220;2&#8243; _builder_version=&#8220;4.16&#8243; custom_padding=&#8220;|||&#8220; global_colors_info=&#8220;{}&#8220; custom_padding__hover=&#8220;|||&#8220;][et_pb_row_inner _builder_version=&#8220;4.16&#8243; min_height=&#8220;245px&#8220; custom_margin=&#8220;-50px||||false|false&#8220; custom_margin_last_edited=&#8220;off|tablet&#8220; custom_padding=&#8220;||0px|||&#8220; global_colors_info=&#8220;{}&#8220;][et_pb_column_inner saved_specialty_column_type=&#8220;1_2&#8243; _builder_version=&#8220;4.16&#8243; global_colors_info=&#8220;{}&#8220;][et_pb_divider color=&#8220;#f9ce6e&#8220; divider_position=&#8220;center&#8220; divider_weight=&#8220;1px&#8220; _builder_version=&#8220;4.16&#8243; width=&#8220;120px&#8220; height=&#8220;7px&#8220; box_shadow_style=&#8220;preset7&#8243; box_shadow_horizontal=&#8220;40px&#8220; box_shadow_vertical=&#8220;0px&#8220; box_shadow_color=&#8220;#f9ce6e&#8220; locked=&#8220;off&#8220; global_colors_info=&#8220;{}&#8220;][\/et_pb_divider][et_pb_text _builder_version=&#8220;4.25.1&#8243; header_4_font=&#8220;PT Sans|700||on|||||&#8220; header_4_text_color=&#8220;#ffc107&#8243; header_4_font_size=&#8220;11px&#8220; header_4_letter_spacing=&#8220;1px&#8220; custom_margin=&#8220;-51px|||130px|false|false&#8220; custom_padding=&#8220;||||false|false&#8220; locked=&#8220;off&#8220; global_colors_info=&#8220;{}&#8220;]<\/p>\n<h4>Ve \u0161kole \/ po \u0161kole<\/h4>\n<p>[\/et_pb_text][et_pb_text _builder_version=&#8220;4.25.1&#8243; text_font=&#8220;PT Sans||||||||&#8220; text_line_height=&#8220;1.8em&#8220; header_font=&#8220;Playfair Display|700|||||||&#8220; header_font_size=&#8220;60px&#8220; header_line_height=&#8220;1.1em&#8220; header_font_size_tablet=&#8220;40px&#8220; header_font_size_phone=&#8220;30px&#8220; header_font_size_last_edited=&#8220;on|phone&#8220; global_colors_info=&#8220;{}&#8220;]<\/p>\n<h1>SmartClass+<\/h1>\n<p>[\/et_pb_text][et_pb_text _builder_version=&#8220;4.25.1&#8243; _module_preset=&#8220;default&#8220; text_font_size=&#8220;20px&#8220; custom_margin=&#8220;||12px|||&#8220; global_colors_info=&#8220;{}&#8220;]<\/p>\n<p><strong>JAZYKOV\u00c1 LABORATO\u0158<\/strong><\/p>\n<p>[\/et_pb_text][et_pb_text _builder_version=&#8220;4.25.1&#8243; _module_preset=&#8220;default&#8220; global_colors_info=&#8220;{}&#8220;]<\/p>\n<p>Mo\u017enost pr\u00e1ce \u017e\u00e1k\u016f se syst\u00e9mem HOMEWORK SmartClass+ z vlastn\u00edch za\u0159\u00edzen\u00ed mimo jazykovou u\u010debnu. <span>M\u016f\u017eete kontrolovat v\u00fdsledky sv\u00e9 \u0161koln\u00ed pr\u00e1ce, pod\u00edvat se na hodnocen\u00ed u\u010ditele nebo pracovat na dom\u00e1c\u00edm \u00fakolu.<\/span><\/p>\n<p>[\/et_pb_text][\/et_pb_column_inner][\/et_pb_row_inner][\/et_pb_column][et_pb_column type=&#8220;1_2&#8243; _builder_version=&#8220;4.16&#8243; custom_padding=&#8220;|||&#8220; global_colors_info=&#8220;{}&#8220; custom_padding__hover=&#8220;|||&#8220;][et_pb_image src=&#8220;https:\/\/www.sadovka.cz\/wp-content\/uploads\/2025\/01\/image005.png&#8220; title_text=&#8220;image005&#8243; _builder_version=&#8220;4.25.1&#8243; _module_preset=&#8220;default&#8220; global_colors_info=&#8220;{}&#8220;][\/et_pb_image][\/et_pb_column][\/et_pb_section][et_pb_section fb_built=&#8220;1&#8243; admin_label=&#8220;About&#8220; module_id=&#8220;zapis&#8220; _builder_version=&#8220;4.16&#8243; background_enable_image=&#8220;off&#8220; custom_padding=&#8220;0px||3px|||&#8220; global_colors_info=&#8220;{}&#8220;][et_pb_row column_structure=&#8220;1_2,1_2&#8243; module_id=&#8220;proces&#8220; _builder_version=&#8220;4.20.0&#8243; _module_preset=&#8220;default&#8220; custom_margin=&#8220;-2px|auto||auto||&#8220; custom_padding=&#8220;||30px|||&#8220; global_colors_info=&#8220;{}&#8220;][et_pb_column type=&#8220;1_2&#8243; _builder_version=&#8220;4.16&#8243; _module_preset=&#8220;default&#8220; global_colors_info=&#8220;{}&#8220;][et_pb_text quote_border_weight=&#8220;8px&#8220; quote_border_color=&#8220;#f9ce6e&#8220; _builder_version=&#8220;4.25.1&#8243; header_2_font=&#8220;Playfair Display|700|||||||&#8220; header_2_text_color=&#8220;#2A3749&#8243; header_2_font_size=&#8220;42px&#8220; header_2_line_height=&#8220;1.1em&#8220; header_3_font=&#8220;Playfair Display|700|||||||&#8220; header_3_font_size=&#8220;40px&#8220; header_3_line_height=&#8220;1.2em&#8220; custom_margin=&#8220;0px||10px||false|false&#8220; custom_padding=&#8220;|||15px|false|false&#8220; header_2_font_size_tablet=&#8220;38px&#8220; header_2_font_size_phone=&#8220;25px&#8220; header_2_font_size_last_edited=&#8220;on|desktop&#8220; header_3_font_size_tablet=&#8220;34px&#8220; header_3_font_size_phone=&#8220;24px&#8220; header_3_font_size_last_edited=&#8220;on|phone&#8220; border_width_left=&#8220;10px&#8220; border_color_left=&#8220;#007FE0&#8243; locked=&#8220;off&#8220; global_colors_info=&#8220;{}&#8220;]<\/p>\n<h3><span data-olk-copy-source=\"MessageBody\">P\u0159\u00edstup u\u010ditele:<\/span><\/h3>\n<p>[\/et_pb_text][et_pb_image src=&#8220;https:\/\/www.sadovka.cz\/wp-content\/uploads\/2025\/01\/image017.png&#8220; title_text=&#8220;image017&#8243; url=&#8220;https:\/\/www.robotelapps.com\/WEBteacher\/sc_web_01.html?RSID20-37.221.241.2:4443&#8243; url_new_window=&#8220;on&#8220; _builder_version=&#8220;4.25.1&#8243; _module_preset=&#8220;default&#8220; global_colors_info=&#8220;{}&#8220;][\/et_pb_image][\/et_pb_column][et_pb_column type=&#8220;1_2&#8243; _builder_version=&#8220;4.16&#8243; _module_preset=&#8220;default&#8220; global_colors_info=&#8220;{}&#8220;][et_pb_text quote_border_weight=&#8220;8px&#8220; quote_border_color=&#8220;#f9ce6e&#8220; _builder_version=&#8220;4.25.1&#8243; header_2_font=&#8220;Playfair Display|700|||||||&#8220; header_2_text_color=&#8220;#2A3749&#8243; header_2_font_size=&#8220;42px&#8220; header_2_line_height=&#8220;1.1em&#8220; header_3_font=&#8220;Playfair Display|700|||||||&#8220; header_3_font_size=&#8220;40px&#8220; header_3_line_height=&#8220;1.2em&#8220; custom_margin=&#8220;0px||10px||false|false&#8220; custom_padding=&#8220;|||15px|false|false&#8220; header_2_font_size_tablet=&#8220;38px&#8220; header_2_font_size_phone=&#8220;25px&#8220; header_2_font_size_last_edited=&#8220;on|desktop&#8220; header_3_font_size_tablet=&#8220;34px&#8220; header_3_font_size_phone=&#8220;24px&#8220; header_3_font_size_last_edited=&#8220;on|phone&#8220; border_color_all=&#8220;#E09900&#8243; border_width_left=&#8220;10px&#8220; locked=&#8220;off&#8220; global_colors_info=&#8220;{}&#8220;]<\/p>\n<h3><span data-olk-copy-source=\"MessageBody\">P\u0159\u00edstup \u017e\u00e1ka:<\/span><\/h3>\n<p>[\/et_pb_text][et_pb_image src=&#8220;https:\/\/www.sadovka.cz\/wp-content\/uploads\/2025\/01\/image019.png&#8220; title_text=&#8220;image019&#8243; _builder_version=&#8220;4.25.1&#8243; _module_preset=&#8220;default&#8220; hover_enabled=&#8220;0&#8243; global_colors_info=&#8220;{}&#8220; url=&#8220;https:\/\/www.robotelapps.com\/WEBapp\/sc_web_01.html?RSID20-37.221.241.2:4443&#8243; sticky_enabled=&#8220;0&#8243;][\/et_pb_image][\/et_pb_column][\/et_pb_row][et_pb_row module_id=&#8220;proces&#8220; _builder_version=&#8220;4.20.0&#8243; _module_preset=&#8220;default&#8220; custom_margin=&#8220;-2px|auto||auto||&#8220; custom_padding=&#8220;||0px|||&#8220; global_colors_info=&#8220;{}&#8220;][et_pb_column type=&#8220;4_4&#8243; _builder_version=&#8220;4.16&#8243; _module_preset=&#8220;default&#8220; global_colors_info=&#8220;{}&#8220;][et_pb_text quote_border_weight=&#8220;8px&#8220; quote_border_color=&#8220;#f9ce6e&#8220; _builder_version=&#8220;4.25.1&#8243; header_font_size=&#8220;28px&#8220; header_2_font=&#8220;Playfair Display|700|||||||&#8220; header_2_text_color=&#8220;#2A3749&#8243; header_2_font_size=&#8220;42px&#8220; header_2_line_height=&#8220;1.1em&#8220; header_3_font=&#8220;Playfair Display|700|||||||&#8220; header_3_line_height=&#8220;1.2em&#8220; custom_margin=&#8220;0px||10px||false|false&#8220; custom_padding=&#8220;|||15px|false|false&#8220; header_2_font_size_tablet=&#8220;38px&#8220; header_2_font_size_phone=&#8220;25px&#8220; header_2_font_size_last_edited=&#8220;on|desktop&#8220; header_3_font_size_tablet=&#8220;34px&#8220; header_3_font_size_phone=&#8220;24px&#8220; header_3_font_size_last_edited=&#8220;on|phone&#8220; border_width_left=&#8220;10px&#8220; border_color_left=&#8220;#000000&#8243; locked=&#8220;off&#8220; global_colors_info=&#8220;{}&#8220;]<\/p>\n<h3><span data-olk-copy-source=\"MessageBody\">Aplikace ke sta\u017een\u00ed:<\/span><\/h3>\n<p>[\/et_pb_text][\/et_pb_column][\/et_pb_row][et_pb_row column_structure=&#8220;1_6,1_6,1_6,1_6,1_6,1_6&#8243; module_id=&#8220;proces&#8220; _builder_version=&#8220;4.20.0&#8243; _module_preset=&#8220;default&#8220; custom_margin=&#8220;-2px|auto||auto||&#8220; custom_padding=&#8220;0px||30px|||&#8220; global_colors_info=&#8220;{}&#8220;][et_pb_column type=&#8220;1_6&#8243; _builder_version=&#8220;4.16&#8243; _module_preset=&#8220;default&#8220; global_colors_info=&#8220;{}&#8220;][et_pb_image src=&#8220;https:\/\/www.sadovka.cz\/wp-content\/uploads\/2025\/01\/App-store.png&#8220; title_text=&#8220;App store&#8220; url=&#8220;https:\/\/apps.apple.com\/uy\/app\/smartclass\/id577153098&#8243; url_new_window=&#8220;on&#8220; _builder_version=&#8220;4.25.1&#8243; _module_preset=&#8220;default&#8220; global_colors_info=&#8220;{}&#8220;][\/et_pb_image][\/et_pb_column][et_pb_column type=&#8220;1_6&#8243; _builder_version=&#8220;4.16&#8243; _module_preset=&#8220;default&#8220; global_colors_info=&#8220;{}&#8220;][\/et_pb_column][et_pb_column type=&#8220;1_6&#8243; _builder_version=&#8220;4.16&#8243; _module_preset=&#8220;default&#8220; global_colors_info=&#8220;{}&#8220;][\/et_pb_column][et_pb_column type=&#8220;1_6&#8243; _builder_version=&#8220;4.16&#8243; _module_preset=&#8220;default&#8220; global_colors_info=&#8220;{}&#8220;][\/et_pb_column][et_pb_column type=&#8220;1_6&#8243; _builder_version=&#8220;4.16&#8243; _module_preset=&#8220;default&#8220; global_colors_info=&#8220;{}&#8220;][\/et_pb_column][et_pb_column type=&#8220;1_6&#8243; _builder_version=&#8220;4.16&#8243; _module_preset=&#8220;default&#8220; global_colors_info=&#8220;{}&#8220;][\/et_pb_column][\/et_pb_row][\/et_pb_section]<\/p>\n","protected":false},"excerpt":{"rendered":"<p>Ve \u0161kole \/ po \u0161koleSmartClass+JAZYKOV\u00c1 LABORATO\u0158Mo\u017enost pr\u00e1ce \u017e\u00e1k\u016f se syst\u00e9mem HOMEWORK SmartClass+ z vlastn\u00edch za\u0159\u00edzen\u00ed mimo jazykovou u\u010debnu. M\u016f\u017eete kontrolovat v\u00fdsledky sv\u00e9 \u0161koln\u00ed pr\u00e1ce, pod\u00edvat se na hodnocen\u00ed u\u010ditele nebo pracovat na dom\u00e1c\u00edm \u00fakolu.P\u0159\u00edstup u\u010ditele:P\u0159\u00edstup \u017e\u00e1ka:Aplikace ke sta\u017een\u00ed:<\/p>\n","protected":false},"author":2,"featured_media":0,"parent":0,"menu_order":0,"comment_status":"closed","ping_status":"closed","template":"","meta":{"_et_pb_use_builder":"on","_et_pb_old_content":"","_et_gb_content_width":"","footnotes":""},"class_list":["post-237368","page","type-page","status-publish","hentry"],"jetpack_sharing_enabled":true,"jetpack_shortlink":"https:\/\/wp.me\/PacQUf-ZKw","_links":{"self":[{"href":"https:\/\/www.sadovka.cz\/index.php\/wp-json\/wp\/v2\/pages\/237368","targetHints":{"allow":["GET"]}}],"collection":[{"href":"https:\/\/www.sadovka.cz\/index.php\/wp-json\/wp\/v2\/pages"}],"about":[{"href":"https:\/\/www.sadovka.cz\/index.php\/wp-json\/wp\/v2\/types\/page"}],"author":[{"embeddable":true,"href":"https:\/\/www.sadovka.cz\/index.php\/wp-json\/wp\/v2\/users\/2"}],"replies":[{"embeddable":true,"href":"https:\/\/www.sadovka.cz\/index.php\/wp-json\/wp\/v2\/comments?post=237368"}],"version-history":[{"count":5,"href":"https:\/\/www.sadovka.cz\/index.php\/wp-json\/wp\/v2\/pages\/237368\/revisions"}],"predecessor-version":[{"id":237396,"href":"https:\/\/www.sadovka.cz\/index.php\/wp-json\/wp\/v2\/pages\/237368\/revisions\/237396"}],"wp:attachment":[{"href":"https:\/\/www.sadovka.cz\/index.php\/wp-json\/wp\/v2\/media?parent=237368"}],"curies":[{"name":"wp","href":"https:\/\/api.w.org\/{rel}","templated":true}]}}