{"id":237178,"date":"2024-06-11T17:30:33","date_gmt":"2024-06-11T15:30:33","guid":{"rendered":"https:\/\/www.sadovka.cz\/?page_id=237178"},"modified":"2024-06-12T14:52:36","modified_gmt":"2024-06-12T12:52:36","slug":"fotoalbum","status":"publish","type":"page","link":"https:\/\/www.sadovka.cz\/index.php\/fotoalbum\/","title":{"rendered":"Fotoalbum"},"content":{"rendered":"<p>[et_pb_section fb_built=&#8220;1&#8243; next_background_color=&#8220;#ffffff&#8220; admin_label=&#8220;Header&#8220; _builder_version=&#8220;4.25.1&#8243; background_color=&#8220;#f8f9fa&#8220; background_image=&#8220;https:\/\/www.sadovka.cz\/wp-content\/uploads\/2023\/08\/backtoschool-pozadi-web.png&#8220; bottom_divider_style=&#8220;curve&#8220; global_colors_info=&#8220;{}&#8220;][et_pb_row _builder_version=&#8220;4.16&#8243; locked=&#8220;off&#8220; global_colors_info=&#8220;{}&#8220;][et_pb_column type=&#8220;4_4&#8243; saved_specialty_column_type=&#8220;1_2&#8243; _builder_version=&#8220;4.16&#8243; global_colors_info=&#8220;{}&#8220;][et_pb_text _builder_version=&#8220;4.25.1&#8243; text_font=&#8220;PT Sans||||||||&#8220; text_line_height=&#8220;1.8em&#8220; header_font=&#8220;Playfair Display|700|||||||&#8220; header_font_size=&#8220;60px&#8220; header_line_height=&#8220;1.1em&#8220; text_orientation=&#8220;center&#8220; header_font_size_tablet=&#8220;40px&#8220; header_font_size_phone=&#8220;30px&#8220; header_font_size_last_edited=&#8220;on|phone&#8220; global_colors_info=&#8220;{}&#8220;]<\/p>\n<h1>Fotoalbum<\/h1>\n<p>[\/et_pb_text][\/et_pb_column][\/et_pb_row][\/et_pb_section][et_pb_section fb_built=&#8220;1&#8243; _builder_version=&#8220;4.25.1&#8243; _module_preset=&#8220;default&#8220; global_colors_info=&#8220;{}&#8220;][et_pb_row _builder_version=&#8220;4.25.1&#8243; _module_preset=&#8220;default&#8220; global_colors_info=&#8220;{}&#8220;][et_pb_column type=&#8220;4_4&#8243; _builder_version=&#8220;4.25.1&#8243; _module_preset=&#8220;default&#8220; global_colors_info=&#8220;{}&#8220;][et_pb_code _builder_version=&#8220;4.25.1&#8243; _module_preset=&#8220;default&#8220; global_colors_info=&#8220;{}&#8220;]<script src=\"https:\/\/eu.zonerama.com\/embd\/Js\/66686ccaaa78141ba4a81d66\" type=\"text\/javascript\"><\/script> <\/p>\n<div id=\"znrm-66686ccaaa78141ba4a81d66\">\n<div style=\"height: 150px; padding-top:150px; border: 1px solid grey; background-color: lightgray; text-align: center; vertical-align: middle;\">HTML galerie Zonerama<!\u2013- [et_pb_br_holder] -\u2013>HTML galerie 1<\/div>\n<\/div>\n<p>[\/et_pb_code][\/et_pb_column][\/et_pb_row][\/et_pb_section][et_pb_section fb_built=&#8220;1&#8243; theme_builder_area=&#8220;post_content&#8220; _builder_version=&#8220;4.25.1&#8243; _module_preset=&#8220;default&#8220; title_text=&#8220;paticka&#8220; background_image=&#8220;https:\/\/www.sadovka.cz\/wp-content\/uploads\/2021\/03\/paticka.png&#8220; hover_enabled=&#8220;0&#8243; sticky_enabled=&#8220;0&#8243;][et_pb_row _builder_version=&#8220;4.25.1&#8243; _module_preset=&#8220;default&#8220; theme_builder_area=&#8220;post_content&#8220;][et_pb_column _builder_version=&#8220;4.25.1&#8243; _module_preset=&#8220;default&#8220; type=&#8220;4_4&#8243; theme_builder_area=&#8220;post_content&#8220;][\/et_pb_column][\/et_pb_row][\/et_pb_section][et_pb_section fb_built=&#8220;1&#8243; admin_label=&#8220;Section&#8220; _builder_version=&#8220;4.16&#8243; background_color=&#8220;rgba(0,0,0,0.84)&#8220; custom_margin=&#8220;2px|||||&#8220; custom_padding=&#8220;17px||0px||false|false&#8220; custom_padding_tablet=&#8220;0px||0px|&#8220; transparent_background=&#8220;off&#8220; padding_mobile=&#8220;on&#8220; saved_tabs=&#8220;all&#8220; global_colors_info=&#8220;{}&#8220; global_module=&#8220;6019&#8243; theme_builder_area=&#8220;post_content&#8220;][et_pb_row column_structure=&#8220;1_2,1_4,1_4&#8243; use_custom_gutter=&#8220;on&#8220; gutter_width=&#8220;2&#8243; column_padding_mobile=&#8220;on&#8220; admin_label=&#8220;Row&#8220; _builder_version=&#8220;4.16&#8243; background_size=&#8220;initial&#8220; background_position=&#8220;top_left&#8220; background_repeat=&#8220;repeat&#8220; custom_padding=&#8220;9px||0||false|false&#8220; global_colors_info=&#8220;{}&#8220; theme_builder_area=&#8220;post_content&#8220;][et_pb_column type=&#8220;1_2&#8243; _builder_version=&#8220;4.16&#8243; custom_padding=&#8220;|||&#8220; global_colors_info=&#8220;{}&#8220; custom_padding__hover=&#8220;|||&#8220; theme_builder_area=&#8220;post_content&#8220;][et_pb_image src=&#8220;https:\/\/www.sadovka.cz\/wp-content\/uploads\/2019\/09\/sadovka-logo-paticka-e1568360174104.png&#8220; align_tablet=&#8220;center&#8220; align_phone=&#8220;&#8220; align_last_edited=&#8220;on|desktop&#8220; _builder_version=&#8220;4.16&#8243; global_colors_info=&#8220;{}&#8220; theme_builder_area=&#8220;post_content&#8220;][\/et_pb_image][et_pb_text admin_label=&#8220;Text&#8220; _builder_version=&#8220;4.16&#8243; text_font=&#8220;Source Sans Pro||||&#8220; text_text_color=&#8220;#aaaaaa&#8220; text_font_size=&#8220;16&#8243; text_line_height=&#8220;1.5em&#8220; background_size=&#8220;initial&#8220; background_position=&#8220;top_left&#8220; background_repeat=&#8220;repeat&#8220; max_width=&#8220;300px&#8220; custom_margin=&#8220;||30px|&#8220; custom_margin_tablet=&#8220;||10px|&#8220; custom_margin_phone=&#8220;&#8220; custom_margin_last_edited=&#8220;on|tablet&#8220; custom_padding=&#8220;0px|||&#8220; use_border_color=&#8220;off&#8220; border_color=&#8220;#ffffff&#8220; border_style=&#8220;solid&#8220; global_colors_info=&#8220;{}&#8220; theme_builder_area=&#8220;post_content&#8220;]<\/p>\n<p>Smyslem vzd\u011bl\u00e1v\u00e1n\u00ed na Sadovce je, aby se na\u0161i \u017e\u00e1ci dok\u00e1zali samostatn\u011b a sebev\u011bdom\u011b rozhodovat, byli odpov\u011bdn\u00ed za sebe a za sv\u00e9 okol\u00ed, ve kter\u00e9m \u017eij\u00ed \u2013 a\u0165 u\u017e v pr\u016fb\u011bhu prvn\u00edch dev\u00edti let \u0161koln\u00edho \u017eivota nebo kdykoliv pozd\u011bji.<\/p>\n<p>[\/et_pb_text][\/et_pb_column][et_pb_column type=&#8220;1_4&#8243; _builder_version=&#8220;4.16&#8243; custom_padding=&#8220;|||&#8220; global_colors_info=&#8220;{}&#8220; custom_padding__hover=&#8220;|||&#8220; theme_builder_area=&#8220;post_content&#8220;][et_pb_text admin_label=&#8220;Text&#8220; _builder_version=&#8220;4.16&#8243; text_font=&#8220;Source Sans Pro|on|||&#8220; text_text_color=&#8220;#666666&#8243; text_font_size=&#8220;18&#8243; text_line_height=&#8220;1.4em&#8220; background_size=&#8220;initial&#8220; background_position=&#8220;top_left&#8220; background_repeat=&#8220;repeat&#8220; custom_margin=&#8220;||8px|&#8220; use_border_color=&#8220;off&#8220; border_color=&#8220;#ffffff&#8220; border_style=&#8220;solid&#8220; global_colors_info=&#8220;{}&#8220; theme_builder_area=&#8220;post_content&#8220;]<\/p>\n<p>NEJ\u010cAST\u011aJ\u0160\u00cd ODKAZY<\/p>\n<p>[\/et_pb_text][et_pb_text admin_label=&#8220;Text&#8220; _builder_version=&#8220;4.16&#8243; text_font=&#8220;Source Sans Pro||||&#8220; text_text_color=&#8220;#ffffff&#8220; text_font_size=&#8220;18&#8243; text_line_height=&#8220;2.2em&#8220; link_font=&#8220;||||||||&#8220; link_text_color=&#8220;#ffffff&#8220; header_font=&#8220;||||||||&#8220; header_text_color=&#8220;#ffffff&#8220; background_size=&#8220;initial&#8220; background_position=&#8220;top_left&#8220; background_repeat=&#8220;repeat&#8220; background_layout=&#8220;dark&#8220; custom_padding=&#8220;0px|||&#8220; use_border_color=&#8220;off&#8220; border_color=&#8220;#ffffff&#8220; border_style=&#8220;solid&#8220; global_colors_info=&#8220;{}&#8220; theme_builder_area=&#8220;post_content&#8220;]<\/p>\n<p><a href=\"https:\/\/sadovazs.bakalari.cz\/webrodice\/rozvrh.aspx\">Rozvrhy hodin<\/a><br \/> <a href=\"#https:\/\/www.sadovka.cz\/index.php\/vyuka\/nasi-ucitele\/\">Na\u0161i u\u010ditel\u00e9<\/a><br \/> <a href=\"https:\/\/sadovazs.bakalari.cz\/webrodice\/next\/login.aspx?ReturnUrl=%2fwebrodice%2fnext%2fdash.aspx\">Bakal\u00e1\u0159i<\/a><br \/> <a href=\"https:\/\/www.sadovka.cz\/index.php\/zajmove-krouzky\/\">Z\u00e1jmov\u00e9 krou\u017eky<\/a><br \/> <a href=\"https:\/\/www.sadovka.cz\/index.php\/kalendar-skolniho-roku\/\">Kalend\u00e1\u0159\u00a0<\/a><br \/> <a href=\"https:\/\/www.sadovka.cz\/index.php\/kalendar-skolniho-roku\/\">Kontakt<\/a><\/p>\n<p>[\/et_pb_text][\/et_pb_column][et_pb_column type=&#8220;1_4&#8243; _builder_version=&#8220;4.16&#8243; custom_padding=&#8220;|||&#8220; global_colors_info=&#8220;{}&#8220; custom_padding__hover=&#8220;|||&#8220; theme_builder_area=&#8220;post_content&#8220;][et_pb_text admin_label=&#8220;Text&#8220; _builder_version=&#8220;4.16&#8243; text_font=&#8220;Source Sans Pro|on|||&#8220; text_text_color=&#8220;#666666&#8243; text_font_size=&#8220;18&#8243; text_line_height=&#8220;1.4em&#8220; background_size=&#8220;initial&#8220; background_position=&#8220;top_left&#8220; background_repeat=&#8220;repeat&#8220; custom_margin=&#8220;||8px|&#8220; use_border_color=&#8220;off&#8220; border_color=&#8220;#ffffff&#8220; border_style=&#8220;solid&#8220; global_colors_info=&#8220;{}&#8220; theme_builder_area=&#8220;post_content&#8220;]<\/p>\n<p>SLEDUJTE N\u00c1S<\/p>\n<p>[\/et_pb_text][et_pb_social_media_follow url_new_window=&#8220;off&#8220; admin_label=&#8220;Social Media Follow&#8220; _builder_version=&#8220;4.16&#8243; border_radii=&#8220;on|100%|100%|100%|100%&#8220; link_shape=&#8220;circle&#8220; global_colors_info=&#8220;{}&#8220; theme_builder_area=&#8220;post_content&#8220;][et_pb_social_media_follow_network social_network=&#8220;facebook&#8220; url=&#8220;https:\/\/www.facebook.com\/zscaslavsadova&#8220; _builder_version=&#8220;4.16&#8243; background_color=&#8220;#3b5998&#8243; bg_color=&#8220;#3b5998&#8243; global_colors_info=&#8220;{}&#8220; theme_builder_area=&#8220;post_content&#8220; follow_button=&#8220;off&#8220; url_new_window=&#8220;off&#8220;]<\/p>\n<p>facebook<\/p>\n<p>[\/et_pb_social_media_follow_network][\/et_pb_social_media_follow][\/et_pb_column][\/et_pb_row][\/et_pb_section]<\/p>\n","protected":false},"excerpt":{"rendered":"<p>FotoalbumSmyslem vzd\u011bl\u00e1v\u00e1n\u00ed na Sadovce je, aby se na\u0161i \u017e\u00e1ci dok\u00e1zali samostatn\u011b a sebev\u011bdom\u011b rozhodovat, byli odpov\u011bdn\u00ed za sebe a za sv\u00e9 okol\u00ed, ve kter\u00e9m \u017eij\u00ed \u2013 a\u0165 u\u017e v pr\u016fb\u011bhu prvn\u00edch dev\u00edti let \u0161koln\u00edho \u017eivota nebo kdykoliv pozd\u011bji.NEJ\u010cAST\u011aJ\u0160\u00cd ODKAZYRozvrhy hodin Na\u0161i u\u010ditel\u00e9 Bakal\u00e1\u0159i Z\u00e1jmov\u00e9 krou\u017eky Kalend\u00e1\u0159\u00a0 KontaktSLEDUJTE N\u00c1S<\/p>\n","protected":false},"author":2,"featured_media":0,"parent":0,"menu_order":0,"comment_status":"closed","ping_status":"closed","template":"","meta":{"_et_pb_use_builder":"on","_et_pb_old_content":"","_et_gb_content_width":"","footnotes":""},"class_list":["post-237178","page","type-page","status-publish","hentry"],"jetpack_sharing_enabled":true,"jetpack_shortlink":"https:\/\/wp.me\/PacQUf-ZHs","_links":{"self":[{"href":"https:\/\/www.sadovka.cz\/index.php\/wp-json\/wp\/v2\/pages\/237178","targetHints":{"allow":["GET"]}}],"collection":[{"href":"https:\/\/www.sadovka.cz\/index.php\/wp-json\/wp\/v2\/pages"}],"about":[{"href":"https:\/\/www.sadovka.cz\/index.php\/wp-json\/wp\/v2\/types\/page"}],"author":[{"embeddable":true,"href":"https:\/\/www.sadovka.cz\/index.php\/wp-json\/wp\/v2\/users\/2"}],"replies":[{"embeddable":true,"href":"https:\/\/www.sadovka.cz\/index.php\/wp-json\/wp\/v2\/comments?post=237178"}],"version-history":[{"count":11,"href":"https:\/\/www.sadovka.cz\/index.php\/wp-json\/wp\/v2\/pages\/237178\/revisions"}],"predecessor-version":[{"id":237194,"href":"https:\/\/www.sadovka.cz\/index.php\/wp-json\/wp\/v2\/pages\/237178\/revisions\/237194"}],"wp:attachment":[{"href":"https:\/\/www.sadovka.cz\/index.php\/wp-json\/wp\/v2\/media?parent=237178"}],"curies":[{"name":"wp","href":"https:\/\/api.w.org\/{rel}","templated":true}]}}