{"id":236712,"date":"2023-09-03T23:01:30","date_gmt":"2023-09-03T21:01:30","guid":{"rendered":"https:\/\/www.sadovka.cz\/?page_id=236712"},"modified":"2025-09-10T15:35:08","modified_gmt":"2025-09-10T13:35:08","slug":"keramika","status":"publish","type":"page","link":"https:\/\/www.sadovka.cz\/index.php\/keramika\/","title":{"rendered":"Keramika"},"content":{"rendered":"<p>[et_pb_section fb_built=&#8220;1&#8243; fullwidth=&#8220;on&#8220; admin_label=&#8220;Header Section&#8220; _builder_version=&#8220;4.25.1&#8243; background_enable_color=&#8220;off&#8220; use_background_color_gradient=&#8220;on&#8220; background_color_gradient_stops=&#8220;#ffffff 0%|rgba(255,255,255,0.36) 99%&#8220; background_color_gradient_overlays_image=&#8220;on&#8220; background_color_gradient_start=&#8220;rgba(0,0,0,0)&#8220; background_color_gradient_end=&#8220;rgba(0,0,0,0)&#8220; background_image=&#8220;https:\/\/www.sadovka.cz\/wp-content\/uploads\/2023\/09\/keramika-pozadi.png&#8220; custom_margin=&#8220;0px||||false|false&#8220; custom_padding=&#8220;0px||||false|false&#8220; top_divider_color=&#8220;rgba(255,255,255,0.3)&#8220; top_divider_height=&#8220;100%&#8220; bottom_divider_height=&#8220;30px&#8220; global_colors_info=&#8220;{}&#8220;][et_pb_fullwidth_header title=&#8220;krou\u017eky&#8220; subhead=&#8220;Keramika&#8220; header_image_url=&#8220;https:\/\/www.sadovka.cz\/wp-content\/uploads\/2023\/09\/keramika-ikona.png&#8220; _builder_version=&#8220;4.25.1&#8243; title_level=&#8220;h2&#8243; title_font=&#8220;Rubik|700||on|||||&#8220; title_text_color=&#8220;#ff7355&#8243; title_font_size=&#8220;16px&#8220; title_letter_spacing=&#8220;5px&#8220; title_line_height=&#8220;2em&#8220; content_font=&#8220;Rubik||||||||&#8220; content_text_color=&#8220;#E06100&#8243; content_font_size=&#8220;18px&#8220; content_line_height=&#8220;2em&#8220; subhead_font=&#8220;Rubik|700|||||||&#8220; subhead_text_color=&#8220;rgba(0,0,0,0.8)&#8220; subhead_font_size=&#8220;50px&#8220; subhead_line_height=&#8220;1.4em&#8220; background_enable_color=&#8220;off&#8220; use_background_color_gradient=&#8220;on&#8220; background_color_gradient_stops=&#8220;rgba(255,255,255,0.23) 0%|#ffffff 100%&#8220; background_color_gradient_start=&#8220;rgba(255,255,255,0.23)&#8220; background_color_gradient_end=&#8220;#ffffff&#8220; background_size=&#8220;contain&#8220; background_position=&#8220;bottom_center&#8220; custom_button_one=&#8220;on&#8220; button_one_text_size=&#8220;16px&#8220; button_one_text_color=&#8220;#000000&#8243; button_one_bg_color=&#8220;#FFFFFF&#8220; button_one_border_width=&#8220;1px&#8220; button_one_border_color=&#8220;#FC9569&#8243; button_one_border_radius=&#8220;10px&#8220; button_one_letter_spacing=&#8220;0px&#8220; button_one_font=&#8220;||||||||&#8220; button_one_use_icon=&#8220;off&#8220; custom_button_two=&#8220;on&#8220; button_two_text_size=&#8220;16px&#8220; button_two_text_color=&#8220;#ffffff&#8220; button_two_bg_color=&#8220;rgba(0,0,0,0.6)&#8220; button_two_border_width=&#8220;15px&#8220; button_two_border_color=&#8220;rgba(210,159,104,0)&#8220; button_two_border_radius=&#8220;100px&#8220; button_two_letter_spacing=&#8220;0px&#8220; button_two_font=&#8220;Rubik|700|||||||&#8220; button_two_use_icon=&#8220;off&#8220; transform_scale=&#8220;108%|108%&#8220; background_layout=&#8220;light&#8220; custom_margin=&#8220;0px||0px||false|false&#8220; custom_padding=&#8220;0px||0px||false|false&#8220; animation_direction=&#8220;bottom&#8220; subhead_font_size_tablet=&#8220;&#8220; subhead_font_size_phone=&#8220;30px&#8220; subhead_font_size_last_edited=&#8220;on|phone&#8220; button_one_border_radius_hover=&#8220;100px&#8220; button_two_border_radius_hover=&#8220;100px&#8220; button_one_bg_color_hover=&#8220;#ff8a70&#8243; button_two_bg_color_hover=&#8220;#ff8a70&#8243; global_colors_info=&#8220;{}&#8220; button_one_text_size__hover_enabled=&#8220;off&#8220; button_two_text_size__hover_enabled=&#8220;off&#8220; button_one_text_color__hover_enabled=&#8220;off&#8220; button_two_text_color__hover_enabled=&#8220;off&#8220; button_one_border_width__hover_enabled=&#8220;off&#8220; button_two_border_width__hover_enabled=&#8220;off&#8220; button_one_border_color__hover_enabled=&#8220;off&#8220; button_two_border_color__hover_enabled=&#8220;off&#8220; button_one_border_radius__hover_enabled=&#8220;on|desktop&#8220; button_one_border_radius__hover=&#8220;10px&#8220; button_two_border_radius__hover_enabled=&#8220;on&#8220; button_two_border_radius__hover=&#8220;100px&#8220; button_one_letter_spacing__hover_enabled=&#8220;off&#8220; button_two_letter_spacing__hover_enabled=&#8220;off&#8220; button_one_bg_color__hover_enabled=&#8220;on|hover&#8220; button_one_bg_color__hover=&#8220;RGBA(0,0,0,0)&#8220; button_two_bg_color__hover_enabled=&#8220;on&#8220; button_two_bg_color__hover=&#8220;#ff8a70&#8243; button_one_bg_enable_color__hover=&#8220;on&#8220;][\/et_pb_fullwidth_header][\/et_pb_section][et_pb_section fb_built=&#8220;1&#8243; _builder_version=&#8220;4.16&#8243; _module_preset=&#8220;default&#8220; background_image=&#8220;https:\/\/www.sadovka.cz\/wp-content\/uploads\/2020\/10\/img-02.png&#8220; custom_padding=&#8220;0px||0px|||&#8220; global_colors_info=&#8220;{}&#8220;][et_pb_row _builder_version=&#8220;4.16&#8243; _module_preset=&#8220;default&#8220; global_colors_info=&#8220;{}&#8220;][et_pb_column type=&#8220;4_4&#8243; _builder_version=&#8220;4.16&#8243; _module_preset=&#8220;default&#8220; global_colors_info=&#8220;{}&#8220;][et_pb_text _builder_version=&#8220;4.16&#8243; _module_preset=&#8220;default&#8220; header_2_font=&#8220;Rubik||||||||&#8220; custom_margin=&#8220;||-1px|||&#8220; global_colors_info=&#8220;{}&#8220;]<\/p>\n<h2>Pro koho je krou\u017eek ur\u010den<\/h2>\n<p>[\/et_pb_text][et_pb_text _builder_version=&#8220;4.22.1&#8243; _module_preset=&#8220;default&#8220; header_2_font=&#8220;Rubik||||||||&#8220; custom_margin=&#8220;||-1px|||&#8220; global_colors_info=&#8220;{}&#8220;]<\/p>\n<p>pro 1. stupe\u0148<\/p>\n<p>[\/et_pb_text][et_pb_text _builder_version=&#8220;4.16&#8243; _module_preset=&#8220;default&#8220; header_2_font=&#8220;Rubik||||||||&#8220; custom_margin=&#8220;||-1px|||&#8220; custom_padding=&#8220;34px|||||&#8220; global_colors_info=&#8220;{}&#8220;]<\/p>\n<h2>Dovednostn\u00ed \u00farove\u0148<\/h2>\n<p>[\/et_pb_text][et_pb_text _builder_version=&#8220;4.16&#8243; _module_preset=&#8220;default&#8220; custom_margin=&#8220;||0px|||&#8220; custom_padding=&#8220;||0px|||&#8220; global_colors_info=&#8220;{}&#8220;]<\/p>\n<p>za\u010d\u00e1te\u010dn\u00edci i pokro\u010dil\u00ed<\/p>\n<p>[\/et_pb_text][et_pb_text _builder_version=&#8220;4.16&#8243; _module_preset=&#8220;default&#8220; header_2_font=&#8220;Rubik||||||||&#8220; custom_margin=&#8220;||-1px|||&#8220; custom_padding=&#8220;34px|||||&#8220; global_colors_info=&#8220;{}&#8220;]<\/p>\n<h2>Co se d\u011bti nau\u010d\u00ed<\/h2>\n<p>[\/et_pb_text][et_pb_text _builder_version=&#8220;4.22.1&#8243; _module_preset=&#8220;default&#8220; custom_padding=&#8220;||0px|||&#8220; global_colors_info=&#8220;{}&#8220;]<\/p>\n<ul>\n<li>Sezn\u00e1m\u00ed se se z\u00e1kladn\u00edmi technikami keramiky<\/li>\n<li>Budou rozv\u00edjet kreativitu a jemnou motoriku<\/li>\n<li>Vytvo\u0159\u00ed si vlastn\u00ed keramick\u00e9 v\u00fdrobky<\/li>\n<\/ul>\n<p>[\/et_pb_text][\/et_pb_column][\/et_pb_row][et_pb_row column_structure=&#8220;1_2,1_2&#8243; _builder_version=&#8220;4.25.1&#8243; _module_preset=&#8220;default&#8220; global_colors_info=&#8220;{}&#8220;][et_pb_column type=&#8220;1_2&#8243; _builder_version=&#8220;4.16&#8243; _module_preset=&#8220;default&#8220; custom_padding=&#8220;15px||15px|15px|false|false&#8220; border_radii=&#8220;on|5px|5px|5px|5px&#8220; border_width_all=&#8220;3px&#8220; border_color_all=&#8220;#E09900&#8243; global_colors_info=&#8220;{}&#8220;][et_pb_text _builder_version=&#8220;4.22.1&#8243; _module_preset=&#8220;default&#8220; header_2_font=&#8220;Rubik||||||||&#8220; custom_margin=&#8220;||-1px|||&#8220; global_colors_info=&#8220;{}&#8220;]<\/p>\n<h2>Keramika<\/h2>\n<p>[\/et_pb_text][et_pb_text _builder_version=&#8220;4.27.4&#8243; _module_preset=&#8220;default&#8220; global_colors_info=&#8220;{}&#8220;]<\/p>\n<p>Lektor krou\u017eku: Pavla Obo\u0159ilov\u00e1<\/p>\n<p>Term\u00edn krou\u017eku:<br \/>pond\u011bl\u00ed 13:00 &#8211; 14:00 I Kapacita krou\u017eku je napln\u011bna!<\/p>\n<p>Cena krou\u017eku: 990 K\u010d<\/p>\n<p>[\/et_pb_text][\/et_pb_column][et_pb_column type=&#8220;1_2&#8243; _builder_version=&#8220;4.25.1&#8243; _module_preset=&#8220;default&#8220; custom_padding=&#8220;15px||15px|15px|false|false&#8220; border_radii=&#8220;on|5px|5px|5px|5px&#8220; border_width_all=&#8220;3px&#8220; border_color_all=&#8220;#E09900&#8243; global_colors_info=&#8220;{}&#8220;][et_pb_text _builder_version=&#8220;4.22.1&#8243; _module_preset=&#8220;default&#8220; header_2_font=&#8220;Rubik||||||||&#8220; custom_margin=&#8220;||-1px|||&#8220; global_colors_info=&#8220;{}&#8220;]<\/p>\n<h2>Keramika<\/h2>\n<p>[\/et_pb_text][et_pb_text _builder_version=&#8220;4.27.4&#8243; _module_preset=&#8220;default&#8220; global_colors_info=&#8220;{}&#8220;]<\/p>\n<p>Lektor krou\u017eku: Ag\u00e1ta Bure\u0161ov\u00e1 I Kapacita krou\u017eku je napln\u011bna!<\/p>\n<p>Term\u00edn krou\u017eku:<br \/>\u00fater\u00fd 13:00 &#8211; 14:00<\/p>\n<p>Cena krou\u017eku: 990 K\u010d<\/p>\n<p>[\/et_pb_text][\/et_pb_column][\/et_pb_row][et_pb_row column_structure=&#8220;1_2,1_2&#8243; _builder_version=&#8220;4.27.4&#8243; _module_preset=&#8220;default&#8220; global_colors_info=&#8220;{}&#8220;][et_pb_column type=&#8220;1_2&#8243; _builder_version=&#8220;4.16&#8243; _module_preset=&#8220;default&#8220; custom_padding=&#8220;15px||15px|15px|false|false&#8220; border_radii=&#8220;on|5px|5px|5px|5px&#8220; border_width_all=&#8220;3px&#8220; border_color_all=&#8220;#E09900&#8243; global_colors_info=&#8220;{}&#8220;][et_pb_text _builder_version=&#8220;4.22.1&#8243; _module_preset=&#8220;default&#8220; header_2_font=&#8220;Rubik||||||||&#8220; custom_margin=&#8220;||-1px|||&#8220; global_colors_info=&#8220;{}&#8220;]<\/p>\n<h2>Keramika<\/h2>\n<p>[\/et_pb_text][et_pb_text _builder_version=&#8220;4.27.4&#8243; _module_preset=&#8220;default&#8220; hover_enabled=&#8220;0&#8243; global_colors_info=&#8220;{}&#8220; sticky_enabled=&#8220;0&#8243;]<\/p>\n<p>Lektor krou\u017eku: Erika Kasalov\u00e1 I Kapacita krou\u017eku je napln\u011bna!<\/p>\n<p>Term\u00edn krou\u017eku:<br \/>\u010dtvrtek 14:00 &#8211; 15:00<\/p>\n<p>Cena krou\u017eku: 990 K\u010d<\/p>\n<p>[\/et_pb_text][\/et_pb_column][et_pb_column type=&#8220;1_2&#8243; _builder_version=&#8220;4.27.4&#8243; _module_preset=&#8220;default&#8220; custom_padding=&#8220;15px||15px|15px|false|false&#8220; border_radii=&#8220;on|5px|5px|5px|5px&#8220; border_color_all=&#8220;#E09900&#8243; global_colors_info=&#8220;{}&#8220;][\/et_pb_column][\/et_pb_row][\/et_pb_section][et_pb_section fb_built=&#8220;1&#8243; _builder_version=&#8220;4.16&#8243; _module_preset=&#8220;default&#8220; custom_padding=&#8220;2px||81px|||&#8220; global_colors_info=&#8220;{}&#8220;][et_pb_row column_structure=&#8220;1_6,1_6,1_6,1_6,1_6,1_6&#8243; _builder_version=&#8220;4.22.1&#8243; _module_preset=&#8220;default&#8220; use_background_color_gradient=&#8220;on&#8220; background_color_gradient_stops=&#8220;rgba(255,255,255,0.83) 0%|rgba(255,255,255,0.87) 100%&#8220; background_color_gradient_overlays_image=&#8220;on&#8220; background_color_gradient_start=&#8220;rgba(255,255,255,0.83)&#8220; background_color_gradient_end=&#8220;rgba(255,255,255,0.87)&#8220; background_image=&#8220;https:\/\/www.sadovka.cz\/wp-content\/uploads\/2023\/09\/keramika-pozadi.png&#8220; global_colors_info=&#8220;{}&#8220;][et_pb_column type=&#8220;1_6&#8243; _builder_version=&#8220;4.16&#8243; _module_preset=&#8220;default&#8220; global_colors_info=&#8220;{}&#8220;][et_pb_image src=&#8220;https:\/\/www.sadovka.cz\/wp-content\/uploads\/2021\/08\/8Y2A9385.jpg&#8220; title_text=&#8220;8Y2A9385&#8243; _builder_version=&#8220;4.22.1&#8243; _module_preset=&#8220;default&#8220; border_radii=&#8220;on|150px|150px|150px|150px&#8220; global_colors_info=&#8220;{}&#8220;][\/et_pb_image][\/et_pb_column][et_pb_column type=&#8220;1_6&#8243; _builder_version=&#8220;4.16&#8243; _module_preset=&#8220;default&#8220; global_colors_info=&#8220;{}&#8220;][et_pb_text _builder_version=&#8220;4.16&#8243; _module_preset=&#8220;default&#8220; header_2_font=&#8220;Rubik||||||||&#8220; custom_margin=&#8220;||-1px|||&#8220; custom_padding=&#8220;0px|||||&#8220; global_colors_info=&#8220;{}&#8220;]<\/p>\n<h2>Lektor krou\u017eku<\/h2>\n<p>[\/et_pb_text][et_pb_text _builder_version=&#8220;4.22.1&#8243; _module_preset=&#8220;default&#8220; header_3_font=&#8220;Rubik||||||||&#8220; custom_padding=&#8220;25px|||||&#8220; global_colors_info=&#8220;{}&#8220;]<\/p>\n<h3>Pavla Obo\u0159ilov\u00e1<\/h3>\n<p>e-mailov\u00e1 adresa pro p\u0159ihl\u00e1\u0161en\u00ed na krou\u017eek:<br \/><a href=\"mailto:oborilova@sadovka.cz\">oborilova@sadovka.cz<\/a><\/p>\n<p>[\/et_pb_text][\/et_pb_column][et_pb_column type=&#8220;1_6&#8243; _builder_version=&#8220;4.16&#8243; _module_preset=&#8220;default&#8220; global_colors_info=&#8220;{}&#8220;][et_pb_image src=&#8220;https:\/\/www.sadovka.cz\/wp-content\/uploads\/2022\/09\/buresova-web.jpg&#8220; title_text=&#8220;buresova web&#8220; _builder_version=&#8220;4.25.1&#8243; _module_preset=&#8220;default&#8220; border_radii=&#8220;on|150px|150px|150px|150px&#8220; global_colors_info=&#8220;{}&#8220;][\/et_pb_image][\/et_pb_column][et_pb_column type=&#8220;1_6&#8243; _builder_version=&#8220;4.16&#8243; _module_preset=&#8220;default&#8220; global_colors_info=&#8220;{}&#8220;][et_pb_text _builder_version=&#8220;4.16&#8243; _module_preset=&#8220;default&#8220; header_2_font=&#8220;Rubik||||||||&#8220; custom_margin=&#8220;||-1px|||&#8220; custom_padding=&#8220;0px|||||&#8220; global_colors_info=&#8220;{}&#8220;]<\/p>\n<h2>Lektor krou\u017eku<\/h2>\n<p>[\/et_pb_text][et_pb_text _builder_version=&#8220;4.25.1&#8243; _module_preset=&#8220;default&#8220; header_3_font=&#8220;Rubik||||||||&#8220; custom_padding=&#8220;25px|||||&#8220; global_colors_info=&#8220;{}&#8220;]<\/p>\n<h3>Ag\u00e1ta Bure\u0161ov\u00e1<\/h3>\n<p>e-mailov\u00e1 adresa pro p\u0159ihl\u00e1\u0161en\u00ed na krou\u017eek:<br \/><a href=\"mailto:buresova@sadovka.cz\">buresova@sadovka.cz<\/a><\/p>\n<p>[\/et_pb_text][\/et_pb_column][et_pb_column type=&#8220;1_6&#8243; _builder_version=&#8220;4.16&#8243; _module_preset=&#8220;default&#8220; global_colors_info=&#8220;{}&#8220;][et_pb_image src=&#8220;https:\/\/www.sadovka.cz\/wp-content\/uploads\/2023\/09\/1R6_5166-web.jpg&#8220; title_text=&#8220;1R6_5166 web&#8220; _builder_version=&#8220;4.27.4&#8243; _module_preset=&#8220;default&#8220; border_radii=&#8220;on|150px|150px|150px|150px&#8220; global_colors_info=&#8220;{}&#8220;][\/et_pb_image][\/et_pb_column][et_pb_column type=&#8220;1_6&#8243; _builder_version=&#8220;4.16&#8243; _module_preset=&#8220;default&#8220; global_colors_info=&#8220;{}&#8220;][et_pb_text _builder_version=&#8220;4.16&#8243; _module_preset=&#8220;default&#8220; header_2_font=&#8220;Rubik||||||||&#8220; custom_margin=&#8220;||-1px|||&#8220; custom_padding=&#8220;0px|||||&#8220; global_colors_info=&#8220;{}&#8220;]<\/p>\n<h2>Lektor krou\u017eku<\/h2>\n<p>[\/et_pb_text][et_pb_text _builder_version=&#8220;4.27.4&#8243; _module_preset=&#8220;default&#8220; header_3_font=&#8220;Rubik||||||||&#8220; custom_padding=&#8220;25px|||||&#8220; global_colors_info=&#8220;{}&#8220;]<\/p>\n<h3>Erika Kasalov\u00e1<\/h3>\n<p>e-mailov\u00e1 adresa pro p\u0159ihl\u00e1\u0161en\u00ed na krou\u017eek:<br \/><a href=\"mailto:kasalova@sadovka.cz\">kasalova@sadovka.cz<\/a><\/p>\n<p>[\/et_pb_text][\/et_pb_column][\/et_pb_row][\/et_pb_section][et_pb_section fb_built=&#8220;1&#8243; admin_label=&#8220;Section&#8220; _builder_version=&#8220;3.19.1&#8243; background_color=&#8220;rgba(0,0,0,0.84)&#8220; custom_margin=&#8220;2px|||||&#8220; custom_padding=&#8220;17px||0px||false|false&#8220; custom_padding_tablet=&#8220;0px||0px|&#8220; transparent_background=&#8220;off&#8220; padding_mobile=&#8220;on&#8220; global_module=&#8220;6019&#8243; saved_tabs=&#8220;all&#8220; global_colors_info=&#8220;{}&#8220;][et_pb_row column_structure=&#8220;1_2,1_4,1_4&#8243; use_custom_gutter=&#8220;on&#8220; gutter_width=&#8220;2&#8243; column_padding_mobile=&#8220;on&#8220; admin_label=&#8220;Row&#8220; _builder_version=&#8220;4.16&#8243; background_size=&#8220;initial&#8220; background_position=&#8220;top_left&#8220; background_repeat=&#8220;repeat&#8220; custom_padding=&#8220;9px||0||false|false&#8220; global_colors_info=&#8220;{}&#8220;][et_pb_column type=&#8220;1_2&#8243; _builder_version=&#8220;4.16&#8243; custom_padding=&#8220;|||&#8220; global_colors_info=&#8220;{}&#8220; custom_padding__hover=&#8220;|||&#8220;][et_pb_image src=&#8220;https:\/\/www.sadovka.cz\/wp-content\/uploads\/2019\/09\/sadovka-logo-paticka-e1568360174104.png&#8220; align_tablet=&#8220;center&#8220; align_phone=&#8220;&#8220; align_last_edited=&#8220;on|desktop&#8220; _builder_version=&#8220;4.16&#8243; global_colors_info=&#8220;{}&#8220;][\/et_pb_image][et_pb_text admin_label=&#8220;Text&#8220; _builder_version=&#8220;4.16&#8243; text_font=&#8220;Source Sans Pro||||&#8220; text_text_color=&#8220;#aaaaaa&#8220; text_font_size=&#8220;16&#8243; text_line_height=&#8220;1.5em&#8220; background_size=&#8220;initial&#8220; background_position=&#8220;top_left&#8220; background_repeat=&#8220;repeat&#8220; max_width=&#8220;300px&#8220; custom_margin=&#8220;||30px|&#8220; custom_margin_tablet=&#8220;||10px|&#8220; custom_margin_phone=&#8220;&#8220; custom_margin_last_edited=&#8220;on|tablet&#8220; custom_padding=&#8220;0px|||&#8220; use_border_color=&#8220;off&#8220; border_color=&#8220;#ffffff&#8220; border_style=&#8220;solid&#8220; global_colors_info=&#8220;{}&#8220;]<\/p>\n<p>Smyslem vzd\u011bl\u00e1v\u00e1n\u00ed na Sadovce je, aby se na\u0161i \u017e\u00e1ci dok\u00e1zali samostatn\u011b a sebev\u011bdom\u011b rozhodovat, byli odpov\u011bdn\u00ed za sebe a za sv\u00e9 okol\u00ed, ve kter\u00e9m \u017eij\u00ed \u2013 a\u0165 u\u017e v pr\u016fb\u011bhu prvn\u00edch dev\u00edti let \u0161koln\u00edho \u017eivota nebo kdykoliv pozd\u011bji.<\/p>\n<p>[\/et_pb_text][\/et_pb_column][et_pb_column type=&#8220;1_4&#8243; _builder_version=&#8220;4.16&#8243; custom_padding=&#8220;|||&#8220; global_colors_info=&#8220;{}&#8220; custom_padding__hover=&#8220;|||&#8220;][et_pb_text admin_label=&#8220;Text&#8220; _builder_version=&#8220;4.16&#8243; text_font=&#8220;Source Sans Pro|on|||&#8220; text_text_color=&#8220;#666666&#8243; text_font_size=&#8220;18&#8243; text_line_height=&#8220;1.4em&#8220; background_size=&#8220;initial&#8220; background_position=&#8220;top_left&#8220; background_repeat=&#8220;repeat&#8220; custom_margin=&#8220;||8px|&#8220; use_border_color=&#8220;off&#8220; border_color=&#8220;#ffffff&#8220; border_style=&#8220;solid&#8220; global_colors_info=&#8220;{}&#8220;]<\/p>\n<p>NEJ\u010cAST\u011aJ\u0160\u00cd ODKAZY<\/p>\n<p>[\/et_pb_text][et_pb_text admin_label=&#8220;Text&#8220; _builder_version=&#8220;4.16&#8243; text_font=&#8220;Source Sans Pro||||&#8220; text_text_color=&#8220;#ffffff&#8220; text_font_size=&#8220;18&#8243; text_line_height=&#8220;2.2em&#8220; link_font=&#8220;||||||||&#8220; link_text_color=&#8220;#ffffff&#8220; header_font=&#8220;||||||||&#8220; header_text_color=&#8220;#ffffff&#8220; background_size=&#8220;initial&#8220; background_position=&#8220;top_left&#8220; background_repeat=&#8220;repeat&#8220; background_layout=&#8220;dark&#8220; custom_padding=&#8220;0px|||&#8220; use_border_color=&#8220;off&#8220; border_color=&#8220;#ffffff&#8220; border_style=&#8220;solid&#8220; global_colors_info=&#8220;{}&#8220;]<\/p>\n<p><a href=\"https:\/\/sadovazs.bakalari.cz\/webrodice\/rozvrh.aspx\">Rozvrhy hodin<\/a><br \/> <a href=\"#https:\/\/www.sadovka.cz\/index.php\/vyuka\/nasi-ucitele\/\">Na\u0161i u\u010ditel\u00e9<\/a><br \/> <a href=\"https:\/\/sadovazs.bakalari.cz\/webrodice\/next\/login.aspx?ReturnUrl=%2fwebrodice%2fnext%2fdash.aspx\">Bakal\u00e1\u0159i<\/a><br \/> <a href=\"https:\/\/www.sadovka.cz\/index.php\/zajmove-krouzky\/\">Z\u00e1jmov\u00e9 krou\u017eky<\/a><br \/> <a href=\"https:\/\/www.sadovka.cz\/index.php\/kalendar-skolniho-roku\/\">Kalend\u00e1\u0159\u00a0<\/a><br \/> <a href=\"https:\/\/www.sadovka.cz\/index.php\/kalendar-skolniho-roku\/\">Kontakt<\/a><\/p>\n<p>[\/et_pb_text][\/et_pb_column][et_pb_column type=&#8220;1_4&#8243; _builder_version=&#8220;4.16&#8243; custom_padding=&#8220;|||&#8220; global_colors_info=&#8220;{}&#8220; custom_padding__hover=&#8220;|||&#8220;][et_pb_text admin_label=&#8220;Text&#8220; _builder_version=&#8220;4.16&#8243; text_font=&#8220;Source Sans Pro|on|||&#8220; text_text_color=&#8220;#666666&#8243; text_font_size=&#8220;18&#8243; text_line_height=&#8220;1.4em&#8220; background_size=&#8220;initial&#8220; background_position=&#8220;top_left&#8220; background_repeat=&#8220;repeat&#8220; custom_margin=&#8220;||8px|&#8220; use_border_color=&#8220;off&#8220; border_color=&#8220;#ffffff&#8220; border_style=&#8220;solid&#8220; global_colors_info=&#8220;{}&#8220;]<\/p>\n<p>SLEDUJTE N\u00c1S<\/p>\n<p>[\/et_pb_text][et_pb_social_media_follow url_new_window=&#8220;off&#8220; admin_label=&#8220;Social Media Follow&#8220; _builder_version=&#8220;4.16&#8243; border_radii=&#8220;on|100%|100%|100%|100%&#8220; link_shape=&#8220;circle&#8220; global_colors_info=&#8220;{}&#8220;][et_pb_social_media_follow_network social_network=&#8220;facebook&#8220; url=&#8220;https:\/\/www.facebook.com\/zscaslavsadova&#8220; _builder_version=&#8220;4.16&#8243; background_color=&#8220;#3b5998&#8243; bg_color=&#8220;#3b5998&#8243; global_colors_info=&#8220;{}&#8220; follow_button=&#8220;off&#8220; url_new_window=&#8220;off&#8220;]<\/p>\n<p>facebook<\/p>\n<p>[\/et_pb_social_media_follow_network][\/et_pb_social_media_follow][\/et_pb_column][\/et_pb_row][\/et_pb_section]<\/p>\n","protected":false},"excerpt":{"rendered":"<p>Pro koho je krou\u017eek ur\u010denpro 1. stupe\u0148Dovednostn\u00ed \u00farove\u0148za\u010d\u00e1te\u010dn\u00edci i pokro\u010dil\u00edCo se d\u011bti nau\u010d\u00ed Sezn\u00e1m\u00ed se se z\u00e1kladn\u00edmi technikami keramiky Budou rozv\u00edjet kreativitu a jemnou motoriku Vytvo\u0159\u00ed si vlastn\u00ed keramick\u00e9 v\u00fdrobky KeramikaLektor krou\u017eku: Pavla Obo\u0159ilov\u00e1 Term\u00edn krou\u017eku:pond\u011bl\u00ed 13:00 &#8211; 14:00 I Kapacita krou\u017eku je napln\u011bna! Cena krou\u017eku: 990 K\u010dKeramikaLektor krou\u017eku: Ag\u00e1ta Bure\u0161ov\u00e1 I Kapacita krou\u017eku je [&hellip;]<\/p>\n","protected":false},"author":2,"featured_media":0,"parent":0,"menu_order":0,"comment_status":"closed","ping_status":"closed","template":"","meta":{"_et_pb_use_builder":"on","_et_pb_old_content":"","_et_gb_content_width":"","footnotes":""},"class_list":["post-236712","page","type-page","status-publish","hentry"],"jetpack_sharing_enabled":true,"jetpack_shortlink":"https:\/\/wp.me\/PacQUf-ZzW","_links":{"self":[{"href":"https:\/\/www.sadovka.cz\/index.php\/wp-json\/wp\/v2\/pages\/236712","targetHints":{"allow":["GET"]}}],"collection":[{"href":"https:\/\/www.sadovka.cz\/index.php\/wp-json\/wp\/v2\/pages"}],"about":[{"href":"https:\/\/www.sadovka.cz\/index.php\/wp-json\/wp\/v2\/types\/page"}],"author":[{"embeddable":true,"href":"https:\/\/www.sadovka.cz\/index.php\/wp-json\/wp\/v2\/users\/2"}],"replies":[{"embeddable":true,"href":"https:\/\/www.sadovka.cz\/index.php\/wp-json\/wp\/v2\/comments?post=236712"}],"version-history":[{"count":12,"href":"https:\/\/www.sadovka.cz\/index.php\/wp-json\/wp\/v2\/pages\/236712\/revisions"}],"predecessor-version":[{"id":237718,"href":"https:\/\/www.sadovka.cz\/index.php\/wp-json\/wp\/v2\/pages\/236712\/revisions\/237718"}],"wp:attachment":[{"href":"https:\/\/www.sadovka.cz\/index.php\/wp-json\/wp\/v2\/media?parent=236712"}],"curies":[{"name":"wp","href":"https:\/\/api.w.org\/{rel}","templated":true}]}}